{"id":3559,"date":"2021-04-20T17:47:18","date_gmt":"2021-04-20T21:47:18","guid":{"rendered":"https:\/\/tetrasociety.org\/foire-aux-questions\/"},"modified":"2025-02-12T05:47:36","modified_gmt":"2025-02-12T10:47:36","slug":"foire-aux-questions-et-temoignages","status":"publish","type":"page","link":"https:\/\/tetrasociety.org\/frca\/devenir-benevole\/foire-aux-questions-et-temoignages\/","title":{"rendered":"Foire aux questions"},"content":{"rendered":"\n<div class=\"wp-block-ugb-accordion ugb-accordion ugb-e17a932 ugb-accordion--v2 ugb-accordion--design-basic ugb-main-block\" aria-expanded=\"false\"><style>.ugb-e17a932 .ugb-accordion__heading{border-radius:0px !important}.ugb-e17a932 .ugb-inner-block{text-align:left}<\/style><div class=\"ugb-inner-block\"><div class=\"ugb-block-content\"><div class=\"ugb-accordion__item\"><div class=\"ugb-accordion__heading ugb--shadow-0\" role=\"button\" tabindex=\"0\"><h4 class=\"ugb-accordion__title\">Comment fonctionne le processus de Tetra&nbsp;?<\/h4><svg xmlns=\"http:\/\/www.w3.org\/2000\/svg\" viewbox=\"0 0 20 20\" class=\"ugb-accordion__arrow\" width=\"20\" height=\"20\"><path d=\"M16.7 3.3L10 10 3.3 3.4 0 6.7l10 10v-.1l10-9.9z\"><\/path><\/svg><\/div><div class=\"ugb-accordion__content\" role=\"region\"><div class=\"ugb-accordion__content-inner\">\n<p>Tetra se consacre \u00e0 l\u2019\u00e9laboration de solutions gr\u00e2ce au travail d\u2019\u00e9quipe et \u00e0 la collaboration. Une personne pr\u00e9sentant un handicap (ou son professionnel de sant\u00e9, un membre de sa famille ou un travailleur en soins) nous contacte pour demander un dispositif d\u2019assistance afin d\u2019aider \u00e0 surmonter un obstacle donn\u00e9 en remplissant un formulaire de demande d\u2019aide. <\/p>\n\n\n\n<p>Tetra met en relation un b\u00e9n\u00e9vole d\u00e9di\u00e9 pour travailler avec le client, ils discutent du d\u00e9fi et identifient de potentielles solutions. De la conception \u00e0 la fabrication, les b\u00e9n\u00e9voles et le client collaborent pour surmonter les obstacles.&nbsp;<\/p>\n<\/div><\/div><\/div><\/div><\/div><\/div>\n\n\n\n<div class=\"wp-block-ugb-accordion ugb-accordion ugb-e124a55 ugb-accordion--v2 ugb-accordion--design-basic ugb-main-block\" aria-expanded=\"false\"><style>.ugb-e124a55 .ugb-accordion__heading{border-radius:0px !important}.ugb-e124a55 .ugb-inner-block{text-align:left}<\/style><div class=\"ugb-inner-block\"><div class=\"ugb-block-content\"><div class=\"ugb-accordion__item\"><div class=\"ugb-accordion__heading ugb--shadow-0\" role=\"button\" tabindex=\"0\"><h4 class=\"ugb-accordion__title\">Qui couvre les co\u00fbts de mat\u00e9riaux pour les dispositifs&nbsp;?<\/h4><svg xmlns=\"http:\/\/www.w3.org\/2000\/svg\" viewbox=\"0 0 20 20\" class=\"ugb-accordion__arrow\" width=\"20\" height=\"20\"><path d=\"M16.7 3.3L10 10 3.3 3.4 0 6.7l10 10v-.1l10-9.9z\"><\/path><\/svg><\/div><div class=\"ugb-accordion__content\" role=\"region\"><div class=\"ugb-accordion__content-inner\">\n<p>Tetra soul\u00e8ve des fonds pour aider \u00e0 garantir que les b\u00e9n\u00e9voles sont rembours\u00e9s pour les frais associ\u00e9s aux mat\u00e9riaux (\u00e0 hauteur maximale de 500&nbsp;$) et aux trajets dans le cadre du projet du client. Au cours de votre orientation de b\u00e9n\u00e9vole, nous vous expliquerons pas \u00e0 pas le processus de soumission des re\u00e7us pour le remboursement.<\/p>\n<\/div><\/div><\/div><\/div><\/div><\/div>\n\n\n\n<div class=\"wp-block-ugb-accordion ugb-accordion ugb-5d7a6f1 ugb-accordion--v2 ugb-accordion--design-basic ugb-main-block\" aria-expanded=\"false\"><style>.ugb-5d7a6f1 .ugb-accordion__heading{border-radius:0px !important}.ugb-5d7a6f1 .ugb-inner-block{text-align:left}<\/style><div class=\"ugb-inner-block\"><div class=\"ugb-block-content\"><div class=\"ugb-accordion__item\"><div class=\"ugb-accordion__heading ugb--shadow-0\" role=\"button\" tabindex=\"0\"><h4 class=\"ugb-accordion__title\">Puis-je b\u00e9n\u00e9ficier d\u2019une couverture d\u2019assurance&nbsp;?<\/h4><svg xmlns=\"http:\/\/www.w3.org\/2000\/svg\" viewbox=\"0 0 20 20\" class=\"ugb-accordion__arrow\" width=\"20\" height=\"20\"><path d=\"M16.7 3.3L10 10 3.3 3.4 0 6.7l10 10v-.1l10-9.9z\"><\/path><\/svg><\/div><div class=\"ugb-accordion__content\" role=\"region\"><div class=\"ugb-accordion__content-inner\">\n<p>Oui&nbsp;! L\u2019ensemble des projets cr\u00e9\u00e9s par nos b\u00e9n\u00e9voles (fabriqu\u00e9s ou encadr\u00e9s par un professionnel qualifi\u00e9) est couvert par une assurance, de la conception \u00e0 la fabrication des dispositifs d\u2019assistance.<\/p>\n<\/div><\/div><\/div><\/div><\/div><\/div>\n\n\n\n<div class=\"wp-block-ugb-accordion ugb-accordion ugb-5e8a503 ugb-accordion--v2 ugb-accordion--design-basic ugb-main-block\" aria-expanded=\"false\"><style>.ugb-5e8a503 .ugb-accordion__heading{border-radius:0px !important;border-style:solid !important;border-color:#000000 !important;border-top-width:0px !important;border-right-width:0px !important;border-bottom-width:0px !important;border-left-width:0px !important}.ugb-5e8a503 .ugb-inner-block{text-align:left}<\/style><div class=\"ugb-inner-block\"><div class=\"ugb-block-content\"><div class=\"ugb-accordion__item\"><div class=\"ugb-accordion__heading ugb--shadow-0\" role=\"button\" tabindex=\"0\"><h4 class=\"ugb-accordion__title\">Que se passe-t-il si je souhaite commercialiser ma cr\u00e9ation Tetra&nbsp;?<\/h4><svg xmlns=\"http:\/\/www.w3.org\/2000\/svg\" viewbox=\"0 0 20 20\" class=\"ugb-accordion__arrow\" width=\"20\" height=\"20\"><path d=\"M16.7 3.3L10 10 3.3 3.4 0 6.7l10 10v-.1l10-9.9z\"><\/path><\/svg><\/div><div class=\"ugb-accordion__content\" role=\"region\"><div class=\"ugb-accordion__content-inner\">\n<p>Les b\u00e9n\u00e9voles Tetra conservent l\u2019ensemble des droits de propri\u00e9t\u00e9 intellectuelle associ\u00e9s aux conceptions qu\u2019ils produisent dans le cadre de leur b\u00e9n\u00e9volats pour Tetra et sont libres d\u2019obtenir des brevets pour la commercialisation.<\/p>\n\n\n\n<p>D\u00e9couvrez des exemples de projets Tetra cr\u00e9\u00e9s par nos b\u00e9n\u00e9voles sur notre site internet <a href=\"http:\/\/tetranation.org\/\">Tetra&nbsp;Nation<\/a> (site Web uniquement disponible en anglais).<\/p>\n\n\n\n<p>Des questions&nbsp;? Contactez <a href=\"mailto:eric@tetrasociety.org\">Eric&nbsp;Molendyk<\/a>, le coordinateur national de Tetra pour en apprendre davantage sur le fonctionnement du programme de Tetra.<\/p>\n<\/div><\/div><\/div><\/div><\/div><\/div>\n\n\n\n<hr class=\"wp-block-separator alignwide\"\/>\n\n\n\n<h2 class=\"wp-block-heading\" id=\"temoignages\" style=\"font-size:47px;line-height:1.3\">T\u00e9moignages de nos b\u00e9n\u00e9voles<\/h2>\n\n\n<ul class=\"wp-block-latest-posts__list is-grid columns-2 alignwide tw-mb-0 is-style-default wp-block-latest-posts\"><li><a class=\"wp-block-latest-posts__post-title\" href=\"https:\/\/tetrasociety.org\/frca\/benevole-de-tetra-vancouver-4\/\">B\u00e9n\u00e9vole de Tetra\u00a0Vancouver<\/a><div class=\"wp-block-latest-posts__post-full-content\"><!-- wp:quote {\"className\":\"is-style-tw-minimal\",\"translatedWithWPMLTM\":\"1\"} -->\n<blockquote class=\"wp-block-quote is-style-tw-minimal\"><p>\u00ab\u00a0Mon r\u00f4le de b\u00e9n\u00e9vole aupr\u00e8s de Tetra est une exp\u00e9rience aussi gratifiante qu\u2019enrichissante, une v\u00e9ritable le\u00e7on d\u2019humilit\u00e9.\u00a0 J\u2019ai la chance de travailler avec des coll\u00e8gues d\u00e9vou\u00e9s et pleins de savoir, tous volontaires et ravis de partager leurs comp\u00e9tences en r\u00e9solution de probl\u00e8mes. La gratitude des clients est une v\u00e9ritable source de satisfaction, simplement en sachant que nous avons contribu\u00e9 \u00e0 l\u2019am\u00e9lioration de leur quotidien. Je suis content de voir de jeunes membres rejoindre le groupe, regorgeant d\u2019enthousiasme et de nouvelles approches aux besoins des clients. C\u2019est un travail bienfaisant, alliant des avantages aussi bien pour les clients que pour les b\u00e9n\u00e9voles.\u00a0\u00bb<\/p><cite>Ernie\u00a0Mills-Hodgins<\/cite><\/blockquote>\n<!-- \/wp:quote --><\/div><\/li>\n<li><a class=\"wp-block-latest-posts__post-title\" href=\"https:\/\/tetrasociety.org\/frca\/benevole-de-tetra-vancouver-3\/\">B\u00e9n\u00e9vole de Tetra\u00a0Vancouver<\/a><div class=\"wp-block-latest-posts__post-full-content\"><!-- wp:quote {\"className\":\"is-style-tw-minimal\",\"translatedWithWPMLTM\":\"1\"} -->\n<blockquote class=\"wp-block-quote is-style-tw-minimal\"><p>\u00ab\u00a0Mon r\u00f4le de b\u00e9n\u00e9vole aupr\u00e8s de Tetra est l\u2019une des exp\u00e9riences les plus gratifiantes de ma carri\u00e8re. Chaque projet est unique et offre de nouveaux d\u00e9fis, et les clients sont toujours pr\u00eats \u00e0 donner des id\u00e9es. C\u2019est exaltant de voir que parfois les solutions les plus simples ont un impact significatif dans la vie d\u2019une personne, et c\u2019est extraordinaire de faire partie du processus.\u00a0\u00bb<\/p><cite>Radu\u00a0Postole<\/cite><\/blockquote>\n<!-- \/wp:quote --><\/div><\/li>\n<li><a class=\"wp-block-latest-posts__post-title\" href=\"https:\/\/tetrasociety.org\/frca\/benevole-de-tetra-vancouver-2\/\">B\u00e9n\u00e9vole de Tetra\u00a0Vancouver<\/a><div class=\"wp-block-latest-posts__post-full-content\"><!-- wp:quote {\"className\":\"is-style-tw-minimal\",\"translatedWithWPMLTM\":\"1\"} -->\n<blockquote class=\"wp-block-quote is-style-tw-minimal\"><p>\u00ab\u00a0Le fait d\u2019aider une personne est tout autant une r\u00e9compense pour moi que l\u2019appareil l\u2019est pour le client.\u00a0\u00bb<\/p><cite>Harry\u00a0Hardy<\/cite><\/blockquote>\n<!-- \/wp:quote --><\/div><\/li>\n<li><a class=\"wp-block-latest-posts__post-title\" href=\"https:\/\/tetrasociety.org\/frca\/benevole-de-tetra-vancouver\/\">B\u00e9n\u00e9vole de Tetra\u00a0Vancouver<\/a><div class=\"wp-block-latest-posts__post-full-content\"><!-- wp:quote {\"className\":\"is-style-tw-minimal\",\"translatedWithWPMLTM\":\"1\"} -->\n<blockquote class=\"wp-block-quote is-style-tw-minimal\"><p>\u00ab\u00a0Ce que je pr\u00e9f\u00e8re dans le b\u00e9n\u00e9volat, c\u2019est r\u00e9soudre les probl\u00e8mes, rencontrer une personne et d\u00e9couvrir comment je peux l\u2019aider.\u00a0\u00bb<\/p><cite>Glen\u00a0Parker<\/cite><\/blockquote>\n<!-- \/wp:quote --><\/div><\/li>\n<li><a class=\"wp-block-latest-posts__post-title\" href=\"https:\/\/tetrasociety.org\/frca\/benevole-de-tetra-hamilton\/\">B\u00e9n\u00e9vole de Tetra\u00a0Hamilton<\/a><div class=\"wp-block-latest-posts__post-full-content\"><!-- wp:quote {\"className\":\"is-style-tw-minimal\",\"translatedWithWPMLTM\":\"1\"} -->\n<blockquote class=\"wp-block-quote is-style-tw-minimal\"><p>\u00ab\u00a0J\u2019aime concevoir et fabriquer des choses utiles qui, je l\u2019esp\u00e8re, aident des personnes dans le besoin.\u00a0\u00bb<\/p><cite>Mike\u00a0McNally<\/cite><\/blockquote>\n<!-- \/wp:quote --><\/div><\/li>\n<li><a class=\"wp-block-latest-posts__post-title\" href=\"https:\/\/tetrasociety.org\/frca\/benevole-de-tetra-surrey\/\">B\u00e9n\u00e9vole de Tetra\u00a0Surrey<\/a><div class=\"wp-block-latest-posts__post-full-content\"><!-- wp:quote {\"className\":\"is-style-tw-minimal\",\"translatedWithWPMLTM\":\"1\"} -->\n<blockquote class=\"wp-block-quote is-style-tw-minimal\"><p>\u00ab\u00a0J\u2019appr\u00e9cie particuli\u00e8rement l\u2019opportunit\u00e9 de rendre la pareille, d\u2019aider quelqu\u2019un et d\u2019utiliser mes comp\u00e9tences pour faire la diff\u00e9rence.\u00a0\u00bb<\/p><cite>Robin\u00a0de\u00a0Goutiere<\/cite><\/blockquote>\n<!-- \/wp:quote --><\/div><\/li>\n<\/ul>","protected":false},"excerpt":{"rendered":"<p>Tetra se consacre \u00e0 l\u2019\u00e9laboration de solutions gr\u00e2ce au travail d\u2019\u00e9quipe et \u00e0 la collaboration. Une personne pr\u00e9sentant un handicap (ou son professionnel de sant\u00e9, un membre de sa famille&hellip;<\/p>\n","protected":false},"author":12,"featured_media":3560,"parent":3576,"menu_order":0,"comment_status":"closed","ping_status":"closed","template":"","meta":{"_monsterinsights_skip_tracking":false,"_monsterinsights_sitenote_active":false,"_monsterinsights_sitenote_note":"","_monsterinsights_sitenote_category":0,"_EventAllDay":false,"_EventTimezone":"","_EventStartDate":"","_EventEndDate":"","_EventStartDateUTC":"","_EventEndDateUTC":"","_EventShowMap":false,"_EventShowMapLink":false,"_EventURL":"","_EventCost":"","_EventCostDescription":"","_EventCurrencySymbol":"","_EventCurrencyCode":"","_EventCurrencyPosition":"","_EventDateTimeSeparator":"","_EventTimeRangeSeparator":"","_EventOrganizerID":[],"_EventVenueID":[],"_OrganizerEmail":"","_OrganizerPhone":"","_OrganizerWebsite":"","_VenueAddress":"","_VenueCity":"","_VenueCountry":"","_VenueProvince":"","_VenueState":"","_VenueZip":"","_VenuePhone":"","_VenueURL":"","_VenueStateProvince":"","_VenueLat":"","_VenueLng":"","_VenueShowMap":false,"_VenueShowMapLink":false,"footnotes":""},"class_list":["post-3559","page","type-page","status-publish","has-post-thumbnail","hentry"],"featured_image_urls_v2":{"full":["https:\/\/tetrasociety.org\/wp-content\/uploads\/sites\/13\/2020\/11\/wide-banner-volunteer-faqs.jpg",1800,750,false],"thumbnail":["https:\/\/tetrasociety.org\/wp-content\/uploads\/sites\/13\/2020\/11\/wide-banner-volunteer-faqs-150x150.jpg",96,96,true],"medium":["https:\/\/tetrasociety.org\/wp-content\/uploads\/sites\/13\/2020\/11\/wide-banner-volunteer-faqs-300x125.jpg",300,125,true],"medium_large":["https:\/\/tetrasociety.org\/wp-content\/uploads\/sites\/13\/2020\/11\/wide-banner-volunteer-faqs-768x320.jpg",700,292,true],"large":["https:\/\/tetrasociety.org\/wp-content\/uploads\/sites\/13\/2020\/11\/wide-banner-volunteer-faqs-1024x427.jpg",1024,427,true],"1536x1536":["https:\/\/tetrasociety.org\/wp-content\/uploads\/sites\/13\/2020\/11\/wide-banner-volunteer-faqs-1536x640.jpg",1536,640,true],"2048x2048":["https:\/\/tetrasociety.org\/wp-content\/uploads\/sites\/13\/2020\/11\/wide-banner-volunteer-faqs.jpg",1800,750,false],"post-thumbnail":["https:\/\/tetrasociety.org\/wp-content\/uploads\/sites\/13\/2020\/11\/wide-banner-volunteer-faqs-1200x500.jpg",1200,500,true],"twentytwenty-fullscreen":["https:\/\/tetrasociety.org\/wp-content\/uploads\/sites\/13\/2020\/11\/wide-banner-volunteer-faqs.jpg",1800,750,false]},"post_excerpt_stackable_v2":"<p>Comment fonctionne le processus de Tetra&nbsp;? Tetra se consacre \u00e0 l\u2019\u00e9laboration de solutions gr\u00e2ce au travail d\u2019\u00e9quipe et \u00e0 la collaboration. Une personne pr\u00e9sentant un handicap (ou son professionnel de sant\u00e9, un membre de sa famille ou un travailleur en soins) nous contacte pour demander un dispositif d\u2019assistance afin d\u2019aider \u00e0 surmonter un obstacle donn\u00e9 en remplissant un formulaire de demande d\u2019aide. Tetra met en relation un b\u00e9n\u00e9vole d\u00e9di\u00e9 pour travailler avec le client, ils discutent du d\u00e9fi et identifient de potentielles solutions. De la conception \u00e0 la fabrication, les b\u00e9n\u00e9voles et le client collaborent pour surmonter les obstacles.&nbsp; Qui&hellip;<\/p>\n","category_list_v2":"","author_info_v2":{"name":"jwoods","url":"https:\/\/tetrasociety.org\/frca\/author\/jwoods\/"},"comments_num_v2":"0 comments","yoast_head":"<!-- This site is optimized with the Yoast SEO plugin v27.5 - https:\/\/yoast.com\/product\/yoast-seo-wordpress\/ -->\n<title>Foire aux questions - Tetra Society of North America<\/title>\n<meta name=\"description\" content=\"Tetra Society of North America builds innovative solutions for people with physical disabilities to overcome environmental barriers.\" \/>\n<meta name=\"robots\" content=\"index, follow, max-snippet:-1, max-image-preview:large, max-video-preview:-1\" \/>\n<link rel=\"canonical\" href=\"https:\/\/tetrasociety.org\/frca\/devenir-benevole\/foire-aux-questions-et-temoignages\/\" \/>\n<meta property=\"og:locale\" content=\"fr_CA\" \/>\n<meta property=\"og:type\" content=\"article\" \/>\n<meta property=\"og:title\" content=\"Foire aux questions - Tetra Society of North America\" \/>\n<meta property=\"og:description\" content=\"Tetra Society of North America builds innovative solutions for people with physical disabilities to overcome environmental barriers.\" \/>\n<meta property=\"og:url\" content=\"https:\/\/tetrasociety.org\/frca\/devenir-benevole\/foire-aux-questions-et-temoignages\/\" \/>\n<meta property=\"og:site_name\" content=\"Tetra Society of North America\" \/>\n<meta property=\"article:publisher\" content=\"https:\/\/www.facebook.com\/tetrasociety\/\" \/>\n<meta property=\"article:modified_time\" content=\"2025-02-12T10:47:36+00:00\" \/>\n<meta property=\"og:image\" content=\"https:\/\/tetrasociety.org\/wp-content\/uploads\/sites\/13\/2020\/11\/wide-banner-volunteer-faqs.jpg\" \/>\n\t<meta property=\"og:image:width\" content=\"1800\" \/>\n\t<meta property=\"og:image:height\" content=\"750\" \/>\n\t<meta property=\"og:image:type\" content=\"image\/jpeg\" \/>\n<meta name=\"twitter:card\" content=\"summary_large_image\" \/>\n<meta name=\"twitter:label1\" content=\"Estimation du temps de lecture\" \/>\n\t<meta name=\"twitter:data1\" content=\"2 minutes\" \/>\n<script type=\"application\/ld+json\" class=\"yoast-schema-graph\">{\"@context\":\"https:\\\/\\\/schema.org\",\"@graph\":[{\"@type\":\"WebPage\",\"@id\":\"https:\\\/\\\/tetrasociety.org\\\/frca\\\/devenir-benevole\\\/foire-aux-questions-et-temoignages\\\/\",\"url\":\"https:\\\/\\\/tetrasociety.org\\\/frca\\\/devenir-benevole\\\/foire-aux-questions-et-temoignages\\\/\",\"name\":\"Foire aux questions - Tetra Society of North America\",\"isPartOf\":{\"@id\":\"https:\\\/\\\/tetrasociety.org\\\/frca\\\/#website\"},\"primaryImageOfPage\":{\"@id\":\"https:\\\/\\\/tetrasociety.org\\\/frca\\\/devenir-benevole\\\/foire-aux-questions-et-temoignages\\\/#primaryimage\"},\"image\":{\"@id\":\"https:\\\/\\\/tetrasociety.org\\\/frca\\\/devenir-benevole\\\/foire-aux-questions-et-temoignages\\\/#primaryimage\"},\"thumbnailUrl\":\"https:\\\/\\\/tetrasociety.org\\\/wp-content\\\/uploads\\\/sites\\\/13\\\/2020\\\/11\\\/wide-banner-volunteer-faqs.jpg\",\"datePublished\":\"2021-04-20T21:47:18+00:00\",\"dateModified\":\"2025-02-12T10:47:36+00:00\",\"description\":\"Tetra Society of North America builds innovative solutions for people with physical disabilities to overcome environmental barriers.\",\"breadcrumb\":{\"@id\":\"https:\\\/\\\/tetrasociety.org\\\/frca\\\/devenir-benevole\\\/foire-aux-questions-et-temoignages\\\/#breadcrumb\"},\"inLanguage\":\"fr-CA\",\"potentialAction\":[{\"@type\":\"ReadAction\",\"target\":[\"https:\\\/\\\/tetrasociety.org\\\/frca\\\/devenir-benevole\\\/foire-aux-questions-et-temoignages\\\/\"]}]},{\"@type\":\"ImageObject\",\"inLanguage\":\"fr-CA\",\"@id\":\"https:\\\/\\\/tetrasociety.org\\\/frca\\\/devenir-benevole\\\/foire-aux-questions-et-temoignages\\\/#primaryimage\",\"url\":\"https:\\\/\\\/tetrasociety.org\\\/wp-content\\\/uploads\\\/sites\\\/13\\\/2020\\\/11\\\/wide-banner-volunteer-faqs.jpg\",\"contentUrl\":\"https:\\\/\\\/tetrasociety.org\\\/wp-content\\\/uploads\\\/sites\\\/13\\\/2020\\\/11\\\/wide-banner-volunteer-faqs.jpg\",\"width\":1800,\"height\":750},{\"@type\":\"BreadcrumbList\",\"@id\":\"https:\\\/\\\/tetrasociety.org\\\/frca\\\/devenir-benevole\\\/foire-aux-questions-et-temoignages\\\/#breadcrumb\",\"itemListElement\":[{\"@type\":\"ListItem\",\"position\":1,\"name\":\"Home\",\"item\":\"https:\\\/\\\/tetrasociety.org\\\/frca\\\/\"},{\"@type\":\"ListItem\",\"position\":2,\"name\":\"Devenir b\u00e9n\u00e9vole\",\"item\":\"https:\\\/\\\/tetrasociety.org\\\/frca\\\/devenir-benevole\\\/\"},{\"@type\":\"ListItem\",\"position\":3,\"name\":\"Foire aux questions\"}]},{\"@type\":\"WebSite\",\"@id\":\"https:\\\/\\\/tetrasociety.org\\\/frca\\\/#website\",\"url\":\"https:\\\/\\\/tetrasociety.org\\\/frca\\\/\",\"name\":\"Tetra Society of North America\",\"description\":\"\",\"publisher\":{\"@id\":\"https:\\\/\\\/tetrasociety.org\\\/frca\\\/#organization\"},\"potentialAction\":[{\"@type\":\"SearchAction\",\"target\":{\"@type\":\"EntryPoint\",\"urlTemplate\":\"https:\\\/\\\/tetrasociety.org\\\/frca\\\/?s={search_term_string}\"},\"query-input\":{\"@type\":\"PropertyValueSpecification\",\"valueRequired\":true,\"valueName\":\"search_term_string\"}}],\"inLanguage\":\"fr-CA\"},{\"@type\":\"Organization\",\"@id\":\"https:\\\/\\\/tetrasociety.org\\\/frca\\\/#organization\",\"name\":\"Tetra Society of North America\",\"url\":\"https:\\\/\\\/tetrasociety.org\\\/frca\\\/\",\"logo\":{\"@type\":\"ImageObject\",\"inLanguage\":\"fr-CA\",\"@id\":\"https:\\\/\\\/tetrasociety.org\\\/frca\\\/#\\\/schema\\\/logo\\\/image\\\/\",\"url\":\"https:\\\/\\\/tetrasociety.org\\\/wp-content\\\/uploads\\\/sites\\\/13\\\/2020\\\/10\\\/Tetra-Circle-transparent-background.png\",\"contentUrl\":\"https:\\\/\\\/tetrasociety.org\\\/wp-content\\\/uploads\\\/sites\\\/13\\\/2020\\\/10\\\/Tetra-Circle-transparent-background.png\",\"width\":364,\"height\":344,\"caption\":\"Tetra Society of North America\"},\"image\":{\"@id\":\"https:\\\/\\\/tetrasociety.org\\\/frca\\\/#\\\/schema\\\/logo\\\/image\\\/\"},\"sameAs\":[\"https:\\\/\\\/www.facebook.com\\\/tetrasociety\\\/\",\"https:\\\/\\\/www.instagram.com\\\/tetrasocietyna\\\/\",\"https:\\\/\\\/www.linkedin.com\\\/company\\\/tetra-society-north-america\\\/\",\"https:\\\/\\\/www.youtube.com\\\/c\\\/DisabilityFoundation\",\"https:\\\/\\\/en.wikipedia.org\\\/wiki\\\/Sam_Sullivan_Disability_Foundation\\\/\"]}]}<\/script>\n<!-- \/ Yoast SEO plugin. -->","yoast_head_json":{"title":"Foire aux questions - Tetra Society of North America","description":"Tetra Society of North America builds innovative solutions for people with physical disabilities to overcome environmental barriers.","robots":{"index":"index","follow":"follow","max-snippet":"max-snippet:-1","max-image-preview":"max-image-preview:large","max-video-preview":"max-video-preview:-1"},"canonical":"https:\/\/tetrasociety.org\/frca\/devenir-benevole\/foire-aux-questions-et-temoignages\/","og_locale":"fr_CA","og_type":"article","og_title":"Foire aux questions - Tetra Society of North America","og_description":"Tetra Society of North America builds innovative solutions for people with physical disabilities to overcome environmental barriers.","og_url":"https:\/\/tetrasociety.org\/frca\/devenir-benevole\/foire-aux-questions-et-temoignages\/","og_site_name":"Tetra Society of North America","article_publisher":"https:\/\/www.facebook.com\/tetrasociety\/","article_modified_time":"2025-02-12T10:47:36+00:00","og_image":[{"width":1800,"height":750,"url":"https:\/\/tetrasociety.org\/wp-content\/uploads\/sites\/13\/2020\/11\/wide-banner-volunteer-faqs.jpg","type":"image\/jpeg"}],"twitter_card":"summary_large_image","twitter_misc":{"Estimation du temps de lecture":"2 minutes"},"schema":{"@context":"https:\/\/schema.org","@graph":[{"@type":"WebPage","@id":"https:\/\/tetrasociety.org\/frca\/devenir-benevole\/foire-aux-questions-et-temoignages\/","url":"https:\/\/tetrasociety.org\/frca\/devenir-benevole\/foire-aux-questions-et-temoignages\/","name":"Foire aux questions - Tetra Society of North America","isPartOf":{"@id":"https:\/\/tetrasociety.org\/frca\/#website"},"primaryImageOfPage":{"@id":"https:\/\/tetrasociety.org\/frca\/devenir-benevole\/foire-aux-questions-et-temoignages\/#primaryimage"},"image":{"@id":"https:\/\/tetrasociety.org\/frca\/devenir-benevole\/foire-aux-questions-et-temoignages\/#primaryimage"},"thumbnailUrl":"https:\/\/tetrasociety.org\/wp-content\/uploads\/sites\/13\/2020\/11\/wide-banner-volunteer-faqs.jpg","datePublished":"2021-04-20T21:47:18+00:00","dateModified":"2025-02-12T10:47:36+00:00","description":"Tetra Society of North America builds innovative solutions for people with physical disabilities to overcome environmental barriers.","breadcrumb":{"@id":"https:\/\/tetrasociety.org\/frca\/devenir-benevole\/foire-aux-questions-et-temoignages\/#breadcrumb"},"inLanguage":"fr-CA","potentialAction":[{"@type":"ReadAction","target":["https:\/\/tetrasociety.org\/frca\/devenir-benevole\/foire-aux-questions-et-temoignages\/"]}]},{"@type":"ImageObject","inLanguage":"fr-CA","@id":"https:\/\/tetrasociety.org\/frca\/devenir-benevole\/foire-aux-questions-et-temoignages\/#primaryimage","url":"https:\/\/tetrasociety.org\/wp-content\/uploads\/sites\/13\/2020\/11\/wide-banner-volunteer-faqs.jpg","contentUrl":"https:\/\/tetrasociety.org\/wp-content\/uploads\/sites\/13\/2020\/11\/wide-banner-volunteer-faqs.jpg","width":1800,"height":750},{"@type":"BreadcrumbList","@id":"https:\/\/tetrasociety.org\/frca\/devenir-benevole\/foire-aux-questions-et-temoignages\/#breadcrumb","itemListElement":[{"@type":"ListItem","position":1,"name":"Home","item":"https:\/\/tetrasociety.org\/frca\/"},{"@type":"ListItem","position":2,"name":"Devenir b\u00e9n\u00e9vole","item":"https:\/\/tetrasociety.org\/frca\/devenir-benevole\/"},{"@type":"ListItem","position":3,"name":"Foire aux questions"}]},{"@type":"WebSite","@id":"https:\/\/tetrasociety.org\/frca\/#website","url":"https:\/\/tetrasociety.org\/frca\/","name":"Tetra Society of North America","description":"","publisher":{"@id":"https:\/\/tetrasociety.org\/frca\/#organization"},"potentialAction":[{"@type":"SearchAction","target":{"@type":"EntryPoint","urlTemplate":"https:\/\/tetrasociety.org\/frca\/?s={search_term_string}"},"query-input":{"@type":"PropertyValueSpecification","valueRequired":true,"valueName":"search_term_string"}}],"inLanguage":"fr-CA"},{"@type":"Organization","@id":"https:\/\/tetrasociety.org\/frca\/#organization","name":"Tetra Society of North America","url":"https:\/\/tetrasociety.org\/frca\/","logo":{"@type":"ImageObject","inLanguage":"fr-CA","@id":"https:\/\/tetrasociety.org\/frca\/#\/schema\/logo\/image\/","url":"https:\/\/tetrasociety.org\/wp-content\/uploads\/sites\/13\/2020\/10\/Tetra-Circle-transparent-background.png","contentUrl":"https:\/\/tetrasociety.org\/wp-content\/uploads\/sites\/13\/2020\/10\/Tetra-Circle-transparent-background.png","width":364,"height":344,"caption":"Tetra Society of North America"},"image":{"@id":"https:\/\/tetrasociety.org\/frca\/#\/schema\/logo\/image\/"},"sameAs":["https:\/\/www.facebook.com\/tetrasociety\/","https:\/\/www.instagram.com\/tetrasocietyna\/","https:\/\/www.linkedin.com\/company\/tetra-society-north-america\/","https:\/\/www.youtube.com\/c\/DisabilityFoundation","https:\/\/en.wikipedia.org\/wiki\/Sam_Sullivan_Disability_Foundation\/"]}]}},"_links":{"self":[{"href":"https:\/\/tetrasociety.org\/frca\/wp-json\/wp\/v2\/pages\/3559","targetHints":{"allow":["GET"]}}],"collection":[{"href":"https:\/\/tetrasociety.org\/frca\/wp-json\/wp\/v2\/pages"}],"about":[{"href":"https:\/\/tetrasociety.org\/frca\/wp-json\/wp\/v2\/types\/page"}],"author":[{"embeddable":true,"href":"https:\/\/tetrasociety.org\/frca\/wp-json\/wp\/v2\/users\/12"}],"replies":[{"embeddable":true,"href":"https:\/\/tetrasociety.org\/frca\/wp-json\/wp\/v2\/comments?post=3559"}],"version-history":[{"count":6,"href":"https:\/\/tetrasociety.org\/frca\/wp-json\/wp\/v2\/pages\/3559\/revisions"}],"predecessor-version":[{"id":4006,"href":"https:\/\/tetrasociety.org\/frca\/wp-json\/wp\/v2\/pages\/3559\/revisions\/4006"}],"up":[{"embeddable":true,"href":"https:\/\/tetrasociety.org\/frca\/wp-json\/wp\/v2\/pages\/3576"}],"wp:featuredmedia":[{"embeddable":true,"href":"https:\/\/tetrasociety.org\/frca\/wp-json\/wp\/v2\/media\/3560"}],"wp:attachment":[{"href":"https:\/\/tetrasociety.org\/frca\/wp-json\/wp\/v2\/media?parent=3559"}],"curies":[{"name":"wp","href":"https:\/\/api.w.org\/{rel}","templated":true}]}}