{"id":3554,"date":"2021-07-01T01:00:00","date_gmt":"2021-07-01T05:00:00","guid":{"rendered":"https:\/\/tetrasociety.org\/contact\/"},"modified":"2025-02-12T08:43:29","modified_gmt":"2025-02-12T13:43:29","slug":"contact","status":"publish","type":"page","link":"https:\/\/tetrasociety.org\/frca\/contact\/","title":{"rendered":"Contact"},"content":{"rendered":"\n<p>Nous sommes une communaut\u00e9. Si vous souhaitez nous rejoindre,<br>il vous suffit de nous contacter\u00a0:<\/p>\n\n\n\n<div class=\"wp-block-columns alignwide is-layout-flex wp-container-core-columns-is-layout-d0b3c9c8 wp-block-columns-is-layout-flex\">\n<div class=\"wp-block-column is-layout-flow wp-block-column-is-layout-flow\" style=\"--col-width:66.66%;flex-basis:66.66%\">\n<h2 class=\"has-h-5-font-size wp-block-heading\"><strong>Si\u00e8ge administratif<\/strong><\/h2>\n\n\n\n<p class=\"tw-mt-2\">110-\u200b\u200b2285 Clark Drive<br>Vancouver, BC V5N 3G9<br>T\u00e9l\u00e9phone&nbsp;: <a href=\"tel:604-688-6464\">604-688-6464<\/a><br> Num\u00e9ro sans frais&nbsp;:&nbsp;<a href=\"tel:1-877-688-8762\">1-877-688-8762<\/a>&nbsp;<br>Fax&nbsp;: 604-688-6463<br><a href=\"mailto:info@tetrasociety.org\">info@tetrasociety.org<\/a><\/p>\n\n\n\n<h2 class=\"has-h-5-font-size wp-block-heading\">Coordinatrice du programme national<\/h2>\n\n\n\n<p class=\"tw-mb-0 tw-text-uppercase\"><strong><strong>Sylvia&nbsp;Baliko<\/strong><\/strong><\/p>\n\n\n\n<p class=\"tw-mt-0\"><a href=\"mailto:SBaliko@Tetrasociety.org\">SBaliko@Tetrasociety.org<\/a><br>T\u00e9l\u00e9phone&nbsp;: 289-208-2315<\/p>\n\n\n\n<hr class=\"wp-block-separator\"\/>\n\n\n\n<h2 class=\"has-h-5-font-size wp-block-heading\">Coordinateur de la r\u00e9gion Atlantique (NB, NL, NS, PE)<\/h2>\n\n\n\n<p class=\"tw-mb-0 tw-text-uppercase\"><strong>Steve&nbsp;Trussoni<\/strong><\/p>\n\n\n\n<p class=\"tw-mt-0\"><a href=\"mailto:AtlanticRegion@tetrasociety.org\">AtlanticRegion@tetrasociety.org<\/a><br>T\u00e9l\u00e9phone&nbsp;: 902-477-2664<\/p>\n\n\n\n<h2 class=\"has-h-5-font-size wp-block-heading\"><strong>Coordinatrice de la r\u00e9gion centrale (ON, QC)<\/strong><\/h2>\n\n\n\n<p class=\"tw-mb-0 tw-text-uppercase\"><strong>Sylvia&nbsp;Baliko<\/strong><\/p>\n\n\n\n<p class=\"tw-mt-0\"><a href=\"mailto:SBaliko@Tetrasociety.org\">SBaliko@Tetrasociety.org<\/a><br>T\u00e9l\u00e9phone&nbsp;: 289-208-2315<\/p>\n\n\n\n<h2 class=\"has-h-5-font-size wp-block-heading\"><strong><strong>R\u00e9gion Pacifique (BC, Canada, \u00c9tats-Unis)<\/strong><\/strong><\/h2>\n\n\n\n<p class=\"tw-mb-0 tw-text-uppercase\"><strong><strong>Sheryl&nbsp;Rose&nbsp;Newman<\/strong><\/strong><\/p>\n\n\n\n<p class=\"tw-mt-0\"><a href=\"mailto:pacificregion@tetrasociety.org\">PacificRegion@tetrasociety.org<\/a><br>T\u00e9l\u00e9phone&nbsp;: 604-688-6464,&nbsp;ext. 117<br>Num\u00e9ro sans frais&nbsp;: 1-877-688-8762<\/p>\n\n\n\n<h2 class=\"has-h-5-font-size wp-block-heading\">Coordinatrice de la r\u00e9gion Prairie (AB, MB, SK)<\/h2>\n\n\n\n<p class=\"tw-mb-0 tw-text-uppercase\"><strong>Crystal&nbsp;Leochko-Johnston<\/strong><\/p>\n\n\n\n<p class=\"tw-mt-0\"><a href=\"mailto:crystal@tetrasociety.org\">crystal@tetrasociety.org<\/a><br>T\u00e9l\u00e9phone&nbsp;: 1-204-998-2551<\/p>\n\n\n\n<hr class=\"wp-block-separator\"\/>\n\n\n\n<h2 class=\"wp-block-heading\">Infolettres<\/h2>\n\n\n\n<p>Veuillez rejoindre notre liste de diffusion pour recevoir les actualit\u00e9s concernant les \u00e9v\u00e9nements, ateliers et nouvelles initiatives.<\/p>\n\n\n\n<div class=\"wp-block-buttons is-layout-flex wp-block-buttons-is-layout-flex\">\n<div class=\"wp-block-button\"><a class=\"wp-block-button__link\" href=\"https:\/\/sforce.co\/397q6ew\" target=\"_blank\" rel=\"noreferrer noopener\">souscrire<\/a><\/div>\n<\/div>\n\n\n\n<p>La Tetra Society dispose d\u2019une <a href=\"https:\/\/tetrasociety.org\/frca\/politique-de-confidentialite\/\">politique de confidentialit\u00e9<\/a> d\u00e9taillant le soin que nous accordons dans le traitement de vos donn\u00e9es \u00e0 caract\u00e8re personnel.<\/p>\n<\/div>\n\n\n\n<div class=\"wp-block-column is-layout-flow wp-block-column-is-layout-flow\" style=\"--col-width:33.33%;flex-basis:33.33%\">\n<div class=\"wp-block-group has-transparent-background-color has-background tw-border\"><div class=\"wp-block-group__inner-container is-layout-flow wp-block-group-is-layout-flow\">\n<div class=\"wp-block-group\"><div class=\"wp-block-group__inner-container is-layout-flow wp-block-group-is-layout-flow\">\n<div class=\"wp-block-image\"><figure class=\"aligncenter size-large is-resized\"><a href=\"https:\/\/disabilityfoundation.org\/about-us\/\"><img decoding=\"async\" data-src=\"https:\/\/bcmos.org\/wp-content\/uploads\/sites\/6\/2020\/07\/SSDF-Logo-Horizontal.jpg\" alt=\"La Disability\u00a0Foundation\" width=\"220\" height=\"100\" src=\"data:image\/svg+xml;base64,PHN2ZyB3aWR0aD0iMSIgaGVpZ2h0PSIxIiB4bWxucz0iaHR0cDovL3d3dy53My5vcmcvMjAwMC9zdmciPjwvc3ZnPg==\" class=\"lazyload\" style=\"--smush-placeholder-width: 220px; --smush-placeholder-aspect-ratio: 220\/100;\" \/><\/a><\/figure><\/div>\n\n\n\n<p>La Disability&nbsp;Foundation aide \u00e0 soutenir six Soci\u00e9t\u00e9s affili\u00e9es. Apprenez-en plus <a href=\"https:\/\/disabilityfoundation.org\/about-us\/\">sur nos programmes<\/a> (<em>page uniquement disponible en anglais<\/em>) et n\u2019oubliez pas de visiter nos pages Facebook.<\/p>\n\n\n\n<p class=\"has-small-font-size\"><a href=\"https:\/\/www.facebook.com\/AdaptiveSailingAssociation\">Adaptive Sailing Association of BC<\/a><\/p>\n\n\n\n<p class=\"has-small-font-size\"><a href=\"https:\/\/www.facebook.com\/BritishColumbiaMobilityOpportunitiesSociety\/\">British Columbia Mobility Opportunities Society<\/a><\/p>\n\n\n\n<p class=\"has-small-font-size\"><a href=\"https:\/\/www.facebook.com\/ConnecTra\/\">ConnecTra Society<\/a><\/p>\n\n\n\n<p class=\"has-small-font-size\"><a href=\"https:\/\/www.facebook.com\/Disabled-Independent-Gardeners-Association-DIGA-205665986146559\/\">Disabled Independent Gardeners Association<\/a><\/p>\n\n\n\n<p class=\"has-small-font-size\"><a href=\"https:\/\/www.facebook.com\/tetrasociety\/\">Tetra&nbsp;Society of North&nbsp;America<\/a><\/p>\n\n\n\n<p class=\"has-small-font-size\"><a href=\"https:\/\/www.facebook.com\/VancouverAdaptedMusicSociety\/\">Vancouver Adapted Music Society<\/a><\/p>\n<\/div><\/div>\n<\/div><\/div>\n<\/div>\n<\/div>\n\n\n\n<hr class=\"wp-block-separator alignfull\"\/>\n","protected":false},"excerpt":{"rendered":"<p>Nous sommes une communaut\u00e9. Si vous souhaitez nous rejoindre,il vous suffit de nous contacter\u00a0: Si\u00e8ge administratif 110-\u200b\u200b2285 Clark DriveVancouver, BC V5N 3G9T\u00e9l\u00e9phone&nbsp;: 604-688-6464 Num\u00e9ro sans frais&nbsp;:&nbsp;1-877-688-8762&nbsp;Fax&nbsp;: 604-688-6463info@tetrasociety.org Coordinatrice du programme&hellip;<\/p>\n","protected":false},"author":1,"featured_media":0,"parent":0,"menu_order":0,"comment_status":"closed","ping_status":"closed","template":"","meta":{"_monsterinsights_skip_tracking":false,"_monsterinsights_sitenote_active":false,"_monsterinsights_sitenote_note":"","_monsterinsights_sitenote_category":0,"_EventAllDay":false,"_EventTimezone":"","_EventStartDate":"","_EventEndDate":"","_EventStartDateUTC":"","_EventEndDateUTC":"","_EventShowMap":false,"_EventShowMapLink":false,"_EventURL":"","_EventCost":"","_EventCostDescription":"","_EventCurrencySymbol":"","_EventCurrencyCode":"","_EventCurrencyPosition":"","_EventDateTimeSeparator":"","_EventTimeRangeSeparator":"","_EventOrganizerID":[],"_EventVenueID":[],"_OrganizerEmail":"","_OrganizerPhone":"","_OrganizerWebsite":"","_VenueAddress":"","_VenueCity":"","_VenueCountry":"","_VenueProvince":"","_VenueState":"","_VenueZip":"","_VenuePhone":"","_VenueURL":"","_VenueStateProvince":"","_VenueLat":"","_VenueLng":"","_VenueShowMap":false,"_VenueShowMapLink":false,"footnotes":""},"class_list":["post-3554","page","type-page","status-publish","hentry"],"featured_image_urls_v2":{"full":"","thumbnail":"","medium":"","medium_large":"","large":"","1536x1536":"","2048x2048":"","post-thumbnail":"","twentytwenty-fullscreen":""},"post_excerpt_stackable_v2":"<p>Nous sommes une communaut\u00e9. Si vous souhaitez nous rejoindre,il vous suffit de nous contacter\u00a0: Si\u00e8ge administratif 110-\u200b\u200b2285 Clark DriveVancouver, BC V5N 3G9T\u00e9l\u00e9phone&nbsp;: 604-688-6464 Num\u00e9ro sans frais&nbsp;:&nbsp;1-877-688-8762&nbsp;Fax&nbsp;: 604-688-6463info@tetrasociety.org Coordinatrice du programme national Sylvia&nbsp;Baliko SBaliko@Tetrasociety.orgT\u00e9l\u00e9phone&nbsp;: 289-208-2315 Coordinateur de la r\u00e9gion Atlantique (NB, NL, NS, PE) Steve&nbsp;Trussoni AtlanticRegion@tetrasociety.orgT\u00e9l\u00e9phone&nbsp;: 902-477-2664 Coordinatrice de la r\u00e9gion centrale (ON, QC) Sylvia&nbsp;Baliko SBaliko@Tetrasociety.orgT\u00e9l\u00e9phone&nbsp;: 289-208-2315 R\u00e9gion Pacifique (BC, Canada, \u00c9tats-Unis) Sheryl&nbsp;Rose&nbsp;Newman PacificRegion@tetrasociety.orgT\u00e9l\u00e9phone&nbsp;: 604-688-6464,&nbsp;ext. 117Num\u00e9ro sans frais&nbsp;: 1-877-688-8762 Coordinatrice de la r\u00e9gion Prairie (AB, MB, SK) Crystal&nbsp;Leochko-Johnston crystal@tetrasociety.orgT\u00e9l\u00e9phone&nbsp;: 1-204-998-2551 Infolettres Veuillez rejoindre notre liste de diffusion pour recevoir les actualit\u00e9s concernant les \u00e9v\u00e9nements, ateliers et nouvelles initiatives. souscrire La Tetra&hellip;<\/p>\n","category_list_v2":"","author_info_v2":{"name":"ddrege","url":"https:\/\/tetrasociety.org\/frca\/author\/user\/"},"comments_num_v2":"0 comments","yoast_head":"<!-- This site is optimized with the Yoast SEO plugin v27.5 - https:\/\/yoast.com\/product\/yoast-seo-wordpress\/ -->\n<title>Contact - Tetra Society of North America<\/title>\n<meta name=\"description\" content=\"Tetra Society of North America d\u00e9veloppe des solutions innovantes pour aider les personnes en situation de handicap physique \u00e0 surmonter les obstacles environnementaux.\" \/>\n<meta name=\"robots\" content=\"index, follow, max-snippet:-1, max-image-preview:large, max-video-preview:-1\" \/>\n<link rel=\"canonical\" href=\"https:\/\/tetrasociety.org\/frca\/contact\/\" \/>\n<meta property=\"og:locale\" content=\"fr_CA\" \/>\n<meta property=\"og:type\" content=\"article\" \/>\n<meta property=\"og:title\" content=\"Contact - Tetra Society of North America\" \/>\n<meta property=\"og:description\" content=\"Tetra Society of North America d\u00e9veloppe des solutions innovantes pour aider les personnes en situation de handicap physique \u00e0 surmonter les obstacles environnementaux.\" \/>\n<meta property=\"og:url\" content=\"https:\/\/tetrasociety.org\/frca\/contact\/\" \/>\n<meta property=\"og:site_name\" content=\"Tetra Society of North America\" \/>\n<meta property=\"article:publisher\" content=\"https:\/\/www.facebook.com\/tetrasociety\/\" \/>\n<meta property=\"article:modified_time\" content=\"2025-02-12T13:43:29+00:00\" \/>\n<meta property=\"og:image\" content=\"https:\/\/bcmos.org\/wp-content\/uploads\/sites\/6\/2020\/07\/SSDF-Logo-Horizontal.jpg\" \/>\n<meta name=\"twitter:card\" content=\"summary_large_image\" \/>\n<meta name=\"twitter:label1\" content=\"Estimation du temps de lecture\" \/>\n\t<meta name=\"twitter:data1\" content=\"2 minutes\" \/>\n<script type=\"application\/ld+json\" class=\"yoast-schema-graph\">{\"@context\":\"https:\\\/\\\/schema.org\",\"@graph\":[{\"@type\":\"WebPage\",\"@id\":\"https:\\\/\\\/tetrasociety.org\\\/frca\\\/contact\\\/\",\"url\":\"https:\\\/\\\/tetrasociety.org\\\/frca\\\/contact\\\/\",\"name\":\"Contact - Tetra Society of North America\",\"isPartOf\":{\"@id\":\"https:\\\/\\\/tetrasociety.org\\\/frca\\\/#website\"},\"primaryImageOfPage\":{\"@id\":\"https:\\\/\\\/tetrasociety.org\\\/frca\\\/contact\\\/#primaryimage\"},\"image\":{\"@id\":\"https:\\\/\\\/tetrasociety.org\\\/frca\\\/contact\\\/#primaryimage\"},\"thumbnailUrl\":\"https:\\\/\\\/bcmos.org\\\/wp-content\\\/uploads\\\/sites\\\/6\\\/2020\\\/07\\\/SSDF-Logo-Horizontal.jpg\",\"datePublished\":\"2021-07-01T05:00:00+00:00\",\"dateModified\":\"2025-02-12T13:43:29+00:00\",\"description\":\"Tetra Society of North America d\u00e9veloppe des solutions innovantes pour aider les personnes en situation de handicap physique \u00e0 surmonter les obstacles environnementaux.\",\"breadcrumb\":{\"@id\":\"https:\\\/\\\/tetrasociety.org\\\/frca\\\/contact\\\/#breadcrumb\"},\"inLanguage\":\"fr-CA\",\"potentialAction\":[{\"@type\":\"ReadAction\",\"target\":[\"https:\\\/\\\/tetrasociety.org\\\/frca\\\/contact\\\/\"]}]},{\"@type\":\"ImageObject\",\"inLanguage\":\"fr-CA\",\"@id\":\"https:\\\/\\\/tetrasociety.org\\\/frca\\\/contact\\\/#primaryimage\",\"url\":\"https:\\\/\\\/bcmos.org\\\/wp-content\\\/uploads\\\/sites\\\/6\\\/2020\\\/07\\\/SSDF-Logo-Horizontal.jpg\",\"contentUrl\":\"https:\\\/\\\/bcmos.org\\\/wp-content\\\/uploads\\\/sites\\\/6\\\/2020\\\/07\\\/SSDF-Logo-Horizontal.jpg\"},{\"@type\":\"BreadcrumbList\",\"@id\":\"https:\\\/\\\/tetrasociety.org\\\/frca\\\/contact\\\/#breadcrumb\",\"itemListElement\":[{\"@type\":\"ListItem\",\"position\":1,\"name\":\"Home\",\"item\":\"https:\\\/\\\/tetrasociety.org\\\/frca\\\/\"},{\"@type\":\"ListItem\",\"position\":2,\"name\":\"Contact\"}]},{\"@type\":\"WebSite\",\"@id\":\"https:\\\/\\\/tetrasociety.org\\\/frca\\\/#website\",\"url\":\"https:\\\/\\\/tetrasociety.org\\\/frca\\\/\",\"name\":\"Tetra Society of North America\",\"description\":\"\",\"publisher\":{\"@id\":\"https:\\\/\\\/tetrasociety.org\\\/frca\\\/#organization\"},\"potentialAction\":[{\"@type\":\"SearchAction\",\"target\":{\"@type\":\"EntryPoint\",\"urlTemplate\":\"https:\\\/\\\/tetrasociety.org\\\/frca\\\/?s={search_term_string}\"},\"query-input\":{\"@type\":\"PropertyValueSpecification\",\"valueRequired\":true,\"valueName\":\"search_term_string\"}}],\"inLanguage\":\"fr-CA\"},{\"@type\":\"Organization\",\"@id\":\"https:\\\/\\\/tetrasociety.org\\\/frca\\\/#organization\",\"name\":\"Tetra Society of North America\",\"url\":\"https:\\\/\\\/tetrasociety.org\\\/frca\\\/\",\"logo\":{\"@type\":\"ImageObject\",\"inLanguage\":\"fr-CA\",\"@id\":\"https:\\\/\\\/tetrasociety.org\\\/frca\\\/#\\\/schema\\\/logo\\\/image\\\/\",\"url\":\"https:\\\/\\\/tetrasociety.org\\\/wp-content\\\/uploads\\\/sites\\\/13\\\/2020\\\/10\\\/Tetra-Circle-transparent-background.png\",\"contentUrl\":\"https:\\\/\\\/tetrasociety.org\\\/wp-content\\\/uploads\\\/sites\\\/13\\\/2020\\\/10\\\/Tetra-Circle-transparent-background.png\",\"width\":364,\"height\":344,\"caption\":\"Tetra Society of North America\"},\"image\":{\"@id\":\"https:\\\/\\\/tetrasociety.org\\\/frca\\\/#\\\/schema\\\/logo\\\/image\\\/\"},\"sameAs\":[\"https:\\\/\\\/www.facebook.com\\\/tetrasociety\\\/\",\"https:\\\/\\\/www.instagram.com\\\/tetrasocietyna\\\/\",\"https:\\\/\\\/www.linkedin.com\\\/company\\\/tetra-society-north-america\\\/\",\"https:\\\/\\\/www.youtube.com\\\/c\\\/DisabilityFoundation\",\"https:\\\/\\\/en.wikipedia.org\\\/wiki\\\/Sam_Sullivan_Disability_Foundation\\\/\"]}]}<\/script>\n<!-- \/ Yoast SEO plugin. -->","yoast_head_json":{"title":"Contact - Tetra Society of North America","description":"Tetra Society of North America d\u00e9veloppe des solutions innovantes pour aider les personnes en situation de handicap physique \u00e0 surmonter les obstacles environnementaux.","robots":{"index":"index","follow":"follow","max-snippet":"max-snippet:-1","max-image-preview":"max-image-preview:large","max-video-preview":"max-video-preview:-1"},"canonical":"https:\/\/tetrasociety.org\/frca\/contact\/","og_locale":"fr_CA","og_type":"article","og_title":"Contact - Tetra Society of North America","og_description":"Tetra Society of North America d\u00e9veloppe des solutions innovantes pour aider les personnes en situation de handicap physique \u00e0 surmonter les obstacles environnementaux.","og_url":"https:\/\/tetrasociety.org\/frca\/contact\/","og_site_name":"Tetra Society of North America","article_publisher":"https:\/\/www.facebook.com\/tetrasociety\/","article_modified_time":"2025-02-12T13:43:29+00:00","og_image":[{"url":"https:\/\/bcmos.org\/wp-content\/uploads\/sites\/6\/2020\/07\/SSDF-Logo-Horizontal.jpg","type":"","width":"","height":""}],"twitter_card":"summary_large_image","twitter_misc":{"Estimation du temps de lecture":"2 minutes"},"schema":{"@context":"https:\/\/schema.org","@graph":[{"@type":"WebPage","@id":"https:\/\/tetrasociety.org\/frca\/contact\/","url":"https:\/\/tetrasociety.org\/frca\/contact\/","name":"Contact - Tetra Society of North America","isPartOf":{"@id":"https:\/\/tetrasociety.org\/frca\/#website"},"primaryImageOfPage":{"@id":"https:\/\/tetrasociety.org\/frca\/contact\/#primaryimage"},"image":{"@id":"https:\/\/tetrasociety.org\/frca\/contact\/#primaryimage"},"thumbnailUrl":"https:\/\/bcmos.org\/wp-content\/uploads\/sites\/6\/2020\/07\/SSDF-Logo-Horizontal.jpg","datePublished":"2021-07-01T05:00:00+00:00","dateModified":"2025-02-12T13:43:29+00:00","description":"Tetra Society of North America d\u00e9veloppe des solutions innovantes pour aider les personnes en situation de handicap physique \u00e0 surmonter les obstacles environnementaux.","breadcrumb":{"@id":"https:\/\/tetrasociety.org\/frca\/contact\/#breadcrumb"},"inLanguage":"fr-CA","potentialAction":[{"@type":"ReadAction","target":["https:\/\/tetrasociety.org\/frca\/contact\/"]}]},{"@type":"ImageObject","inLanguage":"fr-CA","@id":"https:\/\/tetrasociety.org\/frca\/contact\/#primaryimage","url":"https:\/\/bcmos.org\/wp-content\/uploads\/sites\/6\/2020\/07\/SSDF-Logo-Horizontal.jpg","contentUrl":"https:\/\/bcmos.org\/wp-content\/uploads\/sites\/6\/2020\/07\/SSDF-Logo-Horizontal.jpg"},{"@type":"BreadcrumbList","@id":"https:\/\/tetrasociety.org\/frca\/contact\/#breadcrumb","itemListElement":[{"@type":"ListItem","position":1,"name":"Home","item":"https:\/\/tetrasociety.org\/frca\/"},{"@type":"ListItem","position":2,"name":"Contact"}]},{"@type":"WebSite","@id":"https:\/\/tetrasociety.org\/frca\/#website","url":"https:\/\/tetrasociety.org\/frca\/","name":"Tetra Society of North America","description":"","publisher":{"@id":"https:\/\/tetrasociety.org\/frca\/#organization"},"potentialAction":[{"@type":"SearchAction","target":{"@type":"EntryPoint","urlTemplate":"https:\/\/tetrasociety.org\/frca\/?s={search_term_string}"},"query-input":{"@type":"PropertyValueSpecification","valueRequired":true,"valueName":"search_term_string"}}],"inLanguage":"fr-CA"},{"@type":"Organization","@id":"https:\/\/tetrasociety.org\/frca\/#organization","name":"Tetra Society of North America","url":"https:\/\/tetrasociety.org\/frca\/","logo":{"@type":"ImageObject","inLanguage":"fr-CA","@id":"https:\/\/tetrasociety.org\/frca\/#\/schema\/logo\/image\/","url":"https:\/\/tetrasociety.org\/wp-content\/uploads\/sites\/13\/2020\/10\/Tetra-Circle-transparent-background.png","contentUrl":"https:\/\/tetrasociety.org\/wp-content\/uploads\/sites\/13\/2020\/10\/Tetra-Circle-transparent-background.png","width":364,"height":344,"caption":"Tetra Society of North America"},"image":{"@id":"https:\/\/tetrasociety.org\/frca\/#\/schema\/logo\/image\/"},"sameAs":["https:\/\/www.facebook.com\/tetrasociety\/","https:\/\/www.instagram.com\/tetrasocietyna\/","https:\/\/www.linkedin.com\/company\/tetra-society-north-america\/","https:\/\/www.youtube.com\/c\/DisabilityFoundation","https:\/\/en.wikipedia.org\/wiki\/Sam_Sullivan_Disability_Foundation\/"]}]}},"_links":{"self":[{"href":"https:\/\/tetrasociety.org\/frca\/wp-json\/wp\/v2\/pages\/3554","targetHints":{"allow":["GET"]}}],"collection":[{"href":"https:\/\/tetrasociety.org\/frca\/wp-json\/wp\/v2\/pages"}],"about":[{"href":"https:\/\/tetrasociety.org\/frca\/wp-json\/wp\/v2\/types\/page"}],"author":[{"embeddable":true,"href":"https:\/\/tetrasociety.org\/frca\/wp-json\/wp\/v2\/users\/1"}],"replies":[{"embeddable":true,"href":"https:\/\/tetrasociety.org\/frca\/wp-json\/wp\/v2\/comments?post=3554"}],"version-history":[{"count":4,"href":"https:\/\/tetrasociety.org\/frca\/wp-json\/wp\/v2\/pages\/3554\/revisions"}],"predecessor-version":[{"id":4019,"href":"https:\/\/tetrasociety.org\/frca\/wp-json\/wp\/v2\/pages\/3554\/revisions\/4019"}],"wp:attachment":[{"href":"https:\/\/tetrasociety.org\/frca\/wp-json\/wp\/v2\/media?parent=3554"}],"curies":[{"name":"wp","href":"https:\/\/api.w.org\/{rel}","templated":true}]}}