{"id":3547,"date":"2020-08-19T13:47:53","date_gmt":"2020-08-19T17:47:53","guid":{"rendered":"https:\/\/tetrasociety.org\/clubs\/"},"modified":"2025-02-12T04:54:51","modified_gmt":"2025-02-12T09:54:51","slug":"clubs","status":"publish","type":"page","link":"https:\/\/tetrasociety.org\/frca\/clubs\/","title":{"rendered":"Clubs"},"content":{"rendered":"\n<div class=\"wp-block-columns alignwide is-layout-flex wp-container-core-columns-is-layout-d0b3c9c8 wp-block-columns-is-layout-flex\">\n<div class=\"wp-block-column is-layout-flow wp-block-column-is-layout-flow\" style=\"--col-width:66.66%;flex-basis:66.66%\">\n<h2 class=\"wp-block-heading\">Impact des innovations de pointe<\/h2>\n\n\n\n<p>Les \u00e9tudiants universitaires apprennent les bases pratiques de l\u2019ing\u00e9nierie \u00e0 travers des partenariats d\u2019innovation entre les \u00e9tablissements d\u2019enseignement et Tetra. En rejoignant le r\u00e9seau national de Tetra, les \u00e9tudiants universitaires peuvent travailler main dans la main avec des professionnels de l\u2019industrie et des personnes en situation de handicap pour concevoir et fabriquer des dispositifs d\u2019assistance innovants.<\/p>\n\n\n\n<blockquote class=\"wp-block-quote is-layout-flow wp-block-quote-is-layout-flow\"><p>\u00ab&nbsp;J\u2019aime mon r\u00f4le de b\u00e9n\u00e9vole aupr\u00e8s de Tetra, car cela me permet d\u2019utiliser la technologie pour faire une diff\u00e9rence positive dans la vie de quelqu\u2019un. La Tetra&nbsp;Society offre aux \u00e9tudiants la parfaite opportunit\u00e9 de travailler avec des ing\u00e9nieurs en m\u00e9canique exp\u00e9riment\u00e9s sur une conception concr\u00e8te.&nbsp;\u00bb<\/p><cite>Jason&nbsp;Cheung, un dipl\u00f4m\u00e9 en Ing\u00e9nierie biom\u00e9dicale de l\u2019universit\u00e9 Simon&nbsp;Fraser. Son exp\u00e9rience de b\u00e9n\u00e9volat l\u2019a orient\u00e9 vers un poste au GF Strong Rehab Centre, un centre de r\u00e9\u00e9ducation de pointe pour les blessures \u00e0 la moelle \u00e9pini\u00e8re.<\/cite><\/blockquote>\n\n\n\n<h2 class=\"wp-block-heading\">\u00c9quipe ENABLE<\/h2>\n\n\n\n<p>Rencontrez les membres de l\u2019\u00e9quipe ENABLE de l\u2019Universit\u00e9 de la Colombie-Britannique de Vancouver. ENABLE est une \u00e9quipe multidisciplinaire compos\u00e9e d\u2019\u00e9tudiants en ing\u00e9nierie et kin\u00e9siologie, travaillant avec Tetra pour cr\u00e9er des dispositifs d\u2019assistance m\u00e9catroniques.<\/p>\n\n\n\n<blockquote class=\"wp-block-quote is-layout-flow wp-block-quote-is-layout-flow\"><p>\u00ab&nbsp;Le b\u00e9n\u00e9volat avec Tetra m\u2019a donn\u00e9 l\u2019opportunit\u00e9 de travailler sur des comp\u00e9tences pr\u00e9cieuses et concr\u00e8tes, qui ne sont pas disponibles dans une salle de classe. La capacit\u00e9 de travailler en pr\u00e9sentiel avec un client r\u00e9el, de d\u00e9velopper un dispositif tangible de A \u00e0 Z et surtout de cr\u00e9er quelque chose de significatif pour une personne dans le besoin.&nbsp;\u00bb<\/p><cite>Josh&nbsp;French, un \u00e9tudiant de 4e ann\u00e9e en Ing\u00e9nierie \u00e9lectrique<\/cite><\/blockquote>\n\n\n\n<blockquote class=\"wp-block-quote is-layout-flow wp-block-quote-is-layout-flow\"><p>\u00ab&nbsp;J\u2019aime mon r\u00f4le de b\u00e9n\u00e9vole aupr\u00e8s de Tetra, car cela me permet d\u2019utiliser la technologie pour faire une diff\u00e9rence positive dans la vie de quelqu\u2019un. La Tetra&nbsp;Society offre aux \u00e9tudiants la parfaite opportunit\u00e9 de travailler avec des ing\u00e9nieurs en m\u00e9canique exp\u00e9riment\u00e9s sur une conception concr\u00e8te.&nbsp;\u00bb<\/p><cite>Melody&nbsp;Tsai, une \u00e9tudiante de 3e ann\u00e9e en Ing\u00e9nierie m\u00e9canique<\/cite><\/blockquote>\n\n\n\n<figure class=\"wp-block-image size-large\"><img decoding=\"async\" width=\"1024\" height=\"422\" data-src=\"http:\/\/tetra.disabilityfoundation.org\/wp-content\/uploads\/sites\/13\/2020\/11\/club-1024x422.jpg\" alt=\"\" class=\"wp-image-1133 lazyload\" data-srcset=\"https:\/\/tetrasociety.org\/wp-content\/uploads\/sites\/13\/2020\/11\/club-1024x422.jpg 1024w, https:\/\/tetrasociety.org\/wp-content\/uploads\/sites\/13\/2020\/11\/club-300x124.jpg 300w, https:\/\/tetrasociety.org\/wp-content\/uploads\/sites\/13\/2020\/11\/club-768x316.jpg 768w, https:\/\/tetrasociety.org\/wp-content\/uploads\/sites\/13\/2020\/11\/club-1536x632.jpg 1536w, https:\/\/tetrasociety.org\/wp-content\/uploads\/sites\/13\/2020\/11\/club-1200x494.jpg 1200w, https:\/\/tetrasociety.org\/wp-content\/uploads\/sites\/13\/2020\/11\/club.jpg 1800w\" data-sizes=\"(max-width: 1024px) 100vw, 1024px\" src=\"data:image\/svg+xml;base64,PHN2ZyB3aWR0aD0iMSIgaGVpZ2h0PSIxIiB4bWxucz0iaHR0cDovL3d3dy53My5vcmcvMjAwMC9zdmciPjwvc3ZnPg==\" style=\"--smush-placeholder-width: 1024px; --smush-placeholder-aspect-ratio: 1024\/422;\" \/><\/figure>\n<\/div>\n\n\n\n<div class=\"wp-block-column is-layout-flow wp-block-column-is-layout-flow\" style=\"--col-width:33.33%;flex-basis:33.33%\">\n<div class=\"wp-block-group has-transparent-background-color has-background tw-border\"><div class=\"wp-block-group__inner-container is-layout-flow wp-block-group-is-layout-flow\">\n<h3 class=\"wp-block-heading\">Nous aider<\/h3>\n\n\n\n<ul class=\"wp-block-list\"><li><a href=\"https:\/\/tetrasociety.org\/frca\/devenir-benevole\/\">B\u00e9n\u00e9voles en conception et construction<\/a><\/li><li><a href=\"https:\/\/tetrasociety.org\/frca\/devenir-benevole\/\">Port\u00e9e des b\u00e9n\u00e9voles<\/a><\/li><li><a href=\"https:\/\/tetrasociety.org\/frca\/clubs\/\">Clubs universitaires<\/a><\/li><\/ul>\n\n\n\n<div class=\"wp-block-buttons is-layout-flex wp-block-buttons-is-layout-flex\">\n<div class=\"wp-block-button\"><a class=\"wp-block-button__link\" href=\"https:\/\/tetrasociety.org\/frca\/devenir-benevole\/foire-aux-questions\/\">FAQ des b\u00e9n\u00e9voles<\/a><\/div>\n<\/div>\n\n\n\n<h3 class=\"wp-block-heading\">Sections pr\u00e8s de vous<\/h3>\n\n\n\n<div class=\"wp-block-buttons is-layout-flex wp-block-buttons-is-layout-flex\">\n<div class=\"wp-block-button\"><a class=\"wp-block-button__link\" href=\"https:\/\/tetrasociety.org\/frca\/toutes-les-regions\/\">Voir carte<\/a><\/div>\n<\/div>\n<\/div><\/div>\n<\/div>\n<\/div>\n","protected":false},"excerpt":{"rendered":"<p>Impact des innovations de pointe Les \u00e9tudiants universitaires apprennent les bases pratiques de l\u2019ing\u00e9nierie \u00e0 travers des partenariats d\u2019innovation entre les \u00e9tablissements d\u2019enseignement et Tetra. En rejoignant le r\u00e9seau national&hellip;<\/p>\n","protected":false},"author":1,"featured_media":3551,"parent":0,"menu_order":0,"comment_status":"closed","ping_status":"closed","template":"","meta":{"_monsterinsights_skip_tracking":false,"_monsterinsights_sitenote_active":false,"_monsterinsights_sitenote_note":"","_monsterinsights_sitenote_category":0,"_EventAllDay":false,"_EventTimezone":"","_EventStartDate":"","_EventEndDate":"","_EventStartDateUTC":"","_EventEndDateUTC":"","_EventShowMap":false,"_EventShowMapLink":false,"_EventURL":"","_EventCost":"","_EventCostDescription":"","_EventCurrencySymbol":"","_EventCurrencyCode":"","_EventCurrencyPosition":"","_EventDateTimeSeparator":"","_EventTimeRangeSeparator":"","_EventOrganizerID":[],"_EventVenueID":[],"_OrganizerEmail":"","_OrganizerPhone":"","_OrganizerWebsite":"","_VenueAddress":"","_VenueCity":"","_VenueCountry":"","_VenueProvince":"","_VenueState":"","_VenueZip":"","_VenuePhone":"","_VenueURL":"","_VenueStateProvince":"","_VenueLat":"","_VenueLng":"","_VenueShowMap":false,"_VenueShowMapLink":false,"footnotes":""},"class_list":["post-3547","page","type-page","status-publish","has-post-thumbnail","hentry"],"featured_image_urls_v2":{"full":["https:\/\/tetrasociety.org\/wp-content\/uploads\/sites\/13\/2020\/11\/tall-banner-club.jpg",2000,1200,false],"thumbnail":["https:\/\/tetrasociety.org\/wp-content\/uploads\/sites\/13\/2020\/11\/tall-banner-club-150x150.jpg",96,96,true],"medium":["https:\/\/tetrasociety.org\/wp-content\/uploads\/sites\/13\/2020\/11\/tall-banner-club-300x180.jpg",300,180,true],"medium_large":["https:\/\/tetrasociety.org\/wp-content\/uploads\/sites\/13\/2020\/11\/tall-banner-club-768x461.jpg",700,420,true],"large":["https:\/\/tetrasociety.org\/wp-content\/uploads\/sites\/13\/2020\/11\/tall-banner-club-1024x614.jpg",1024,614,true],"1536x1536":["https:\/\/tetrasociety.org\/wp-content\/uploads\/sites\/13\/2020\/11\/tall-banner-club-1536x922.jpg",1536,922,true],"2048x2048":["https:\/\/tetrasociety.org\/wp-content\/uploads\/sites\/13\/2020\/11\/tall-banner-club.jpg",2000,1200,false],"post-thumbnail":["https:\/\/tetrasociety.org\/wp-content\/uploads\/sites\/13\/2020\/11\/tall-banner-club-1200x720.jpg",1200,720,true],"twentytwenty-fullscreen":["https:\/\/tetrasociety.org\/wp-content\/uploads\/sites\/13\/2020\/11\/tall-banner-club-1980x1188.jpg",1980,1188,true]},"post_excerpt_stackable_v2":"<p>Impact des innovations de pointe Les \u00e9tudiants universitaires apprennent les bases pratiques de l\u2019ing\u00e9nierie \u00e0 travers des partenariats d\u2019innovation entre les \u00e9tablissements d\u2019enseignement et Tetra. En rejoignant le r\u00e9seau national de Tetra, les \u00e9tudiants universitaires peuvent travailler main dans la main avec des professionnels de l\u2019industrie et des personnes en situation de handicap pour concevoir et fabriquer des dispositifs d\u2019assistance innovants. \u00ab&nbsp;J\u2019aime mon r\u00f4le de b\u00e9n\u00e9vole aupr\u00e8s de Tetra, car cela me permet d\u2019utiliser la technologie pour faire une diff\u00e9rence positive dans la vie de quelqu\u2019un. La Tetra&nbsp;Society offre aux \u00e9tudiants la parfaite opportunit\u00e9 de travailler avec des ing\u00e9nieurs en&hellip;<\/p>\n","category_list_v2":"","author_info_v2":{"name":"ddrege","url":"https:\/\/tetrasociety.org\/frca\/author\/user\/"},"comments_num_v2":"0 comments","yoast_head":"<!-- This site is optimized with the Yoast SEO plugin v27.5 - https:\/\/yoast.com\/product\/yoast-seo-wordpress\/ -->\n<title>Clubs - Tetra Society of North America<\/title>\n<meta name=\"description\" content=\"Tetra Society of North America d\u00e9veloppe des solutions innovantes pour aider les personnes en situation de handicap physique \u00e0 surmonter les obstacles environnementaux.\" \/>\n<meta name=\"robots\" content=\"index, follow, max-snippet:-1, max-image-preview:large, max-video-preview:-1\" \/>\n<link rel=\"canonical\" href=\"https:\/\/tetrasociety.org\/frca\/clubs\/\" \/>\n<meta property=\"og:locale\" content=\"fr_CA\" \/>\n<meta property=\"og:type\" content=\"article\" \/>\n<meta property=\"og:title\" content=\"Clubs - Tetra Society of North America\" \/>\n<meta property=\"og:description\" content=\"Tetra Society of North America d\u00e9veloppe des solutions innovantes pour aider les personnes en situation de handicap physique \u00e0 surmonter les obstacles environnementaux.\" \/>\n<meta property=\"og:url\" content=\"https:\/\/tetrasociety.org\/frca\/clubs\/\" \/>\n<meta property=\"og:site_name\" content=\"Tetra Society of North America\" \/>\n<meta property=\"article:publisher\" content=\"https:\/\/www.facebook.com\/tetrasociety\/\" \/>\n<meta property=\"article:modified_time\" content=\"2025-02-12T09:54:51+00:00\" \/>\n<meta property=\"og:image\" content=\"https:\/\/tetrasociety.org\/wp-content\/uploads\/sites\/13\/2020\/11\/tall-banner-club.jpg\" \/>\n\t<meta property=\"og:image:width\" content=\"2000\" \/>\n\t<meta property=\"og:image:height\" content=\"1200\" \/>\n\t<meta property=\"og:image:type\" content=\"image\/jpeg\" \/>\n<meta name=\"twitter:card\" content=\"summary_large_image\" \/>\n<meta name=\"twitter:label1\" content=\"Estimation du temps de lecture\" \/>\n\t<meta name=\"twitter:data1\" content=\"2 minutes\" \/>\n<script type=\"application\/ld+json\" class=\"yoast-schema-graph\">{\"@context\":\"https:\\\/\\\/schema.org\",\"@graph\":[{\"@type\":\"WebPage\",\"@id\":\"https:\\\/\\\/tetrasociety.org\\\/frca\\\/clubs\\\/\",\"url\":\"https:\\\/\\\/tetrasociety.org\\\/frca\\\/clubs\\\/\",\"name\":\"Clubs - Tetra Society of North America\",\"isPartOf\":{\"@id\":\"https:\\\/\\\/tetrasociety.org\\\/frca\\\/#website\"},\"primaryImageOfPage\":{\"@id\":\"https:\\\/\\\/tetrasociety.org\\\/frca\\\/clubs\\\/#primaryimage\"},\"image\":{\"@id\":\"https:\\\/\\\/tetrasociety.org\\\/frca\\\/clubs\\\/#primaryimage\"},\"thumbnailUrl\":\"https:\\\/\\\/tetrasociety.org\\\/wp-content\\\/uploads\\\/sites\\\/13\\\/2020\\\/11\\\/tall-banner-club.jpg\",\"datePublished\":\"2020-08-19T17:47:53+00:00\",\"dateModified\":\"2025-02-12T09:54:51+00:00\",\"description\":\"Tetra Society of North America d\u00e9veloppe des solutions innovantes pour aider les personnes en situation de handicap physique \u00e0 surmonter les obstacles environnementaux.\",\"breadcrumb\":{\"@id\":\"https:\\\/\\\/tetrasociety.org\\\/frca\\\/clubs\\\/#breadcrumb\"},\"inLanguage\":\"fr-CA\",\"potentialAction\":[{\"@type\":\"ReadAction\",\"target\":[\"https:\\\/\\\/tetrasociety.org\\\/frca\\\/clubs\\\/\"]}]},{\"@type\":\"ImageObject\",\"inLanguage\":\"fr-CA\",\"@id\":\"https:\\\/\\\/tetrasociety.org\\\/frca\\\/clubs\\\/#primaryimage\",\"url\":\"https:\\\/\\\/tetrasociety.org\\\/wp-content\\\/uploads\\\/sites\\\/13\\\/2020\\\/11\\\/tall-banner-club.jpg\",\"contentUrl\":\"https:\\\/\\\/tetrasociety.org\\\/wp-content\\\/uploads\\\/sites\\\/13\\\/2020\\\/11\\\/tall-banner-club.jpg\",\"width\":2000,\"height\":1200},{\"@type\":\"BreadcrumbList\",\"@id\":\"https:\\\/\\\/tetrasociety.org\\\/frca\\\/clubs\\\/#breadcrumb\",\"itemListElement\":[{\"@type\":\"ListItem\",\"position\":1,\"name\":\"Home\",\"item\":\"https:\\\/\\\/tetrasociety.org\\\/frca\\\/\"},{\"@type\":\"ListItem\",\"position\":2,\"name\":\"Clubs\"}]},{\"@type\":\"WebSite\",\"@id\":\"https:\\\/\\\/tetrasociety.org\\\/frca\\\/#website\",\"url\":\"https:\\\/\\\/tetrasociety.org\\\/frca\\\/\",\"name\":\"Tetra Society of North America\",\"description\":\"\",\"publisher\":{\"@id\":\"https:\\\/\\\/tetrasociety.org\\\/frca\\\/#organization\"},\"potentialAction\":[{\"@type\":\"SearchAction\",\"target\":{\"@type\":\"EntryPoint\",\"urlTemplate\":\"https:\\\/\\\/tetrasociety.org\\\/frca\\\/?s={search_term_string}\"},\"query-input\":{\"@type\":\"PropertyValueSpecification\",\"valueRequired\":true,\"valueName\":\"search_term_string\"}}],\"inLanguage\":\"fr-CA\"},{\"@type\":\"Organization\",\"@id\":\"https:\\\/\\\/tetrasociety.org\\\/frca\\\/#organization\",\"name\":\"Tetra Society of North America\",\"url\":\"https:\\\/\\\/tetrasociety.org\\\/frca\\\/\",\"logo\":{\"@type\":\"ImageObject\",\"inLanguage\":\"fr-CA\",\"@id\":\"https:\\\/\\\/tetrasociety.org\\\/frca\\\/#\\\/schema\\\/logo\\\/image\\\/\",\"url\":\"https:\\\/\\\/tetrasociety.org\\\/wp-content\\\/uploads\\\/sites\\\/13\\\/2020\\\/10\\\/Tetra-Circle-transparent-background.png\",\"contentUrl\":\"https:\\\/\\\/tetrasociety.org\\\/wp-content\\\/uploads\\\/sites\\\/13\\\/2020\\\/10\\\/Tetra-Circle-transparent-background.png\",\"width\":364,\"height\":344,\"caption\":\"Tetra Society of North America\"},\"image\":{\"@id\":\"https:\\\/\\\/tetrasociety.org\\\/frca\\\/#\\\/schema\\\/logo\\\/image\\\/\"},\"sameAs\":[\"https:\\\/\\\/www.facebook.com\\\/tetrasociety\\\/\",\"https:\\\/\\\/www.instagram.com\\\/tetrasocietyna\\\/\",\"https:\\\/\\\/www.linkedin.com\\\/company\\\/tetra-society-north-america\\\/\",\"https:\\\/\\\/www.youtube.com\\\/c\\\/DisabilityFoundation\",\"https:\\\/\\\/en.wikipedia.org\\\/wiki\\\/Sam_Sullivan_Disability_Foundation\\\/\"]}]}<\/script>\n<!-- \/ Yoast SEO plugin. -->","yoast_head_json":{"title":"Clubs - Tetra Society of North America","description":"Tetra Society of North America d\u00e9veloppe des solutions innovantes pour aider les personnes en situation de handicap physique \u00e0 surmonter les obstacles environnementaux.","robots":{"index":"index","follow":"follow","max-snippet":"max-snippet:-1","max-image-preview":"max-image-preview:large","max-video-preview":"max-video-preview:-1"},"canonical":"https:\/\/tetrasociety.org\/frca\/clubs\/","og_locale":"fr_CA","og_type":"article","og_title":"Clubs - Tetra Society of North America","og_description":"Tetra Society of North America d\u00e9veloppe des solutions innovantes pour aider les personnes en situation de handicap physique \u00e0 surmonter les obstacles environnementaux.","og_url":"https:\/\/tetrasociety.org\/frca\/clubs\/","og_site_name":"Tetra Society of North America","article_publisher":"https:\/\/www.facebook.com\/tetrasociety\/","article_modified_time":"2025-02-12T09:54:51+00:00","og_image":[{"width":2000,"height":1200,"url":"https:\/\/tetrasociety.org\/wp-content\/uploads\/sites\/13\/2020\/11\/tall-banner-club.jpg","type":"image\/jpeg"}],"twitter_card":"summary_large_image","twitter_misc":{"Estimation du temps de lecture":"2 minutes"},"schema":{"@context":"https:\/\/schema.org","@graph":[{"@type":"WebPage","@id":"https:\/\/tetrasociety.org\/frca\/clubs\/","url":"https:\/\/tetrasociety.org\/frca\/clubs\/","name":"Clubs - Tetra Society of North America","isPartOf":{"@id":"https:\/\/tetrasociety.org\/frca\/#website"},"primaryImageOfPage":{"@id":"https:\/\/tetrasociety.org\/frca\/clubs\/#primaryimage"},"image":{"@id":"https:\/\/tetrasociety.org\/frca\/clubs\/#primaryimage"},"thumbnailUrl":"https:\/\/tetrasociety.org\/wp-content\/uploads\/sites\/13\/2020\/11\/tall-banner-club.jpg","datePublished":"2020-08-19T17:47:53+00:00","dateModified":"2025-02-12T09:54:51+00:00","description":"Tetra Society of North America d\u00e9veloppe des solutions innovantes pour aider les personnes en situation de handicap physique \u00e0 surmonter les obstacles environnementaux.","breadcrumb":{"@id":"https:\/\/tetrasociety.org\/frca\/clubs\/#breadcrumb"},"inLanguage":"fr-CA","potentialAction":[{"@type":"ReadAction","target":["https:\/\/tetrasociety.org\/frca\/clubs\/"]}]},{"@type":"ImageObject","inLanguage":"fr-CA","@id":"https:\/\/tetrasociety.org\/frca\/clubs\/#primaryimage","url":"https:\/\/tetrasociety.org\/wp-content\/uploads\/sites\/13\/2020\/11\/tall-banner-club.jpg","contentUrl":"https:\/\/tetrasociety.org\/wp-content\/uploads\/sites\/13\/2020\/11\/tall-banner-club.jpg","width":2000,"height":1200},{"@type":"BreadcrumbList","@id":"https:\/\/tetrasociety.org\/frca\/clubs\/#breadcrumb","itemListElement":[{"@type":"ListItem","position":1,"name":"Home","item":"https:\/\/tetrasociety.org\/frca\/"},{"@type":"ListItem","position":2,"name":"Clubs"}]},{"@type":"WebSite","@id":"https:\/\/tetrasociety.org\/frca\/#website","url":"https:\/\/tetrasociety.org\/frca\/","name":"Tetra Society of North America","description":"","publisher":{"@id":"https:\/\/tetrasociety.org\/frca\/#organization"},"potentialAction":[{"@type":"SearchAction","target":{"@type":"EntryPoint","urlTemplate":"https:\/\/tetrasociety.org\/frca\/?s={search_term_string}"},"query-input":{"@type":"PropertyValueSpecification","valueRequired":true,"valueName":"search_term_string"}}],"inLanguage":"fr-CA"},{"@type":"Organization","@id":"https:\/\/tetrasociety.org\/frca\/#organization","name":"Tetra Society of North America","url":"https:\/\/tetrasociety.org\/frca\/","logo":{"@type":"ImageObject","inLanguage":"fr-CA","@id":"https:\/\/tetrasociety.org\/frca\/#\/schema\/logo\/image\/","url":"https:\/\/tetrasociety.org\/wp-content\/uploads\/sites\/13\/2020\/10\/Tetra-Circle-transparent-background.png","contentUrl":"https:\/\/tetrasociety.org\/wp-content\/uploads\/sites\/13\/2020\/10\/Tetra-Circle-transparent-background.png","width":364,"height":344,"caption":"Tetra Society of North America"},"image":{"@id":"https:\/\/tetrasociety.org\/frca\/#\/schema\/logo\/image\/"},"sameAs":["https:\/\/www.facebook.com\/tetrasociety\/","https:\/\/www.instagram.com\/tetrasocietyna\/","https:\/\/www.linkedin.com\/company\/tetra-society-north-america\/","https:\/\/www.youtube.com\/c\/DisabilityFoundation","https:\/\/en.wikipedia.org\/wiki\/Sam_Sullivan_Disability_Foundation\/"]}]}},"_links":{"self":[{"href":"https:\/\/tetrasociety.org\/frca\/wp-json\/wp\/v2\/pages\/3547","targetHints":{"allow":["GET"]}}],"collection":[{"href":"https:\/\/tetrasociety.org\/frca\/wp-json\/wp\/v2\/pages"}],"about":[{"href":"https:\/\/tetrasociety.org\/frca\/wp-json\/wp\/v2\/types\/page"}],"author":[{"embeddable":true,"href":"https:\/\/tetrasociety.org\/frca\/wp-json\/wp\/v2\/users\/1"}],"replies":[{"embeddable":true,"href":"https:\/\/tetrasociety.org\/frca\/wp-json\/wp\/v2\/comments?post=3547"}],"version-history":[{"count":4,"href":"https:\/\/tetrasociety.org\/frca\/wp-json\/wp\/v2\/pages\/3547\/revisions"}],"predecessor-version":[{"id":3988,"href":"https:\/\/tetrasociety.org\/frca\/wp-json\/wp\/v2\/pages\/3547\/revisions\/3988"}],"wp:featuredmedia":[{"embeddable":true,"href":"https:\/\/tetrasociety.org\/frca\/wp-json\/wp\/v2\/media\/3551"}],"wp:attachment":[{"href":"https:\/\/tetrasociety.org\/frca\/wp-json\/wp\/v2\/media?parent=3547"}],"curies":[{"name":"wp","href":"https:\/\/api.w.org\/{rel}","templated":true}]}}