{"id":3526,"date":"2020-07-08T00:24:18","date_gmt":"2020-07-08T04:24:18","guid":{"rendered":"https:\/\/tetrasociety.org\/a-propos\/"},"modified":"2025-02-12T08:16:17","modified_gmt":"2025-02-12T13:16:17","slug":"a-propos","status":"publish","type":"page","link":"https:\/\/tetrasociety.org\/frca\/a-propos\/","title":{"rendered":"\u00c0 propos"},"content":{"rendered":"\n<div class=\"wp-block-columns alignwide is-layout-flex wp-container-core-columns-is-layout-d0b3c9c8 wp-block-columns-is-layout-flex\">\n<div class=\"wp-block-column is-layout-flow wp-block-column-is-layout-flow\" style=\"--col-width:66.66%;flex-basis:66.66%\">\n<h2 class=\"wp-block-heading\" id=\"about\">Qu\u2019est-ce que fait Tetra&nbsp;?<\/h2>\n\n\n\n<p>Chez Tetra, nous nous concentrons sur l\u2019identification de solutions aux obstacles environnementaux auxquels sont confront\u00e9s les personnes en situation de handicap. Bien que ces obstacles environnementaux fassent partie du v\u00e9cu d\u2019une personne, nous sommes convaincus que les solutions de Tetra aident \u00e0 promouvoir l\u2019augmentation de l\u2019ind\u00e9pendance, de la qualit\u00e9 de vie et de l\u2019inclusion.<\/p>\n\n\n\n<h3 class=\"wp-block-heading\" id=\"processus-de-tetra\">Processus de Tetra<\/h3>\n\n\n\n<p>Tetra recrute les b\u00e9n\u00e9voles qui travaillent avec les clients \u00e0 la conception et la construction de dispositifs d\u2019assistance personnalis\u00e9s pour l\u2019individu. Ces dispositifs ne sont pas disponibles sur le march\u00e9 ou sont trop on\u00e9reux. En tant qu\u2019organisation a but non lucratif, Tetra l\u00e8ve des fonds pour proposer ce programme, y compris la couverture des frais de d\u00e9placement du b\u00e9n\u00e9vole et des mat\u00e9riaux pour les dispositifs \u00e0 hauteur de 500&nbsp;$ par projet.<\/p>\n\n\n\n<p>La port\u00e9e des projets de Tetra est aussi diverse que les clients avec lesquels nous travaillons. Le travail r\u00e9alis\u00e9 par Tetra aborde des besoins dans diff\u00e9rents domaines de la vie d\u2019une personne.<\/p>\n\n\n\n<h4 class=\"wp-block-heading\">Vie en autonomie<\/h4>\n\n\n\n<p>La priorit\u00e9 absolue de Tetra est de surmonter les obstacles qui affectent la capacit\u00e9 d\u2019une personne \u00e0 vivre sa vie en toute autonomie en raison d\u2019obstacles au sein de son environnement. L\u2019un des principes fondateurs de Tetra est que les personnes ne sont pas marginalis\u00e9es par leur handicap, mais par les obstacles au sein de leur environnement. Tetra s\u2019efforce de r\u00e9duire et d\u2019\u00e9liminer ces obstacles. Au cours des 30&nbsp;derni\u00e8res ann\u00e9es, les b\u00e9n\u00e9voles de Tetra ont d\u00e9velopp\u00e9 des dispositifs soutenant&nbsp;:<\/p>\n\n\n\n<ul class=\"wp-block-list\"><li>la communication,<\/li><li>la consommation de boissons et aliments,<\/li><li>la r\u00e9alisation des t\u00e2ches m\u00e9nag\u00e8res et des soins personnels,<\/li><li>la mobilit\u00e9.<\/li><\/ul>\n\n\n\n<h4 class=\"wp-block-heading\">Assistance vocationnelle<\/h4>\n\n\n\n<p>Les personnes en situation de handicap disposent des comp\u00e9tences et des connaissances n\u00e9cessaires pour aller \u00e0 l\u2019\u00e9cole et faire partie de la main d\u2019\u0153uvre, mais rencontrent souvent des obstacles qui peuvent sembler insurmontables. Cependant, il est possible de les r\u00e9duire et de les \u00e9liminer \u00e0 travers des modifications des lieux de travail ou de la construction de dispositifs d\u2019assistance personnalis\u00e9s. Depuis 1987, les b\u00e9n\u00e9voles de Tetra cr\u00e9ent des dispositifs et apportent des modifications aux lieux de travail r\u00e9pondant \u00e0 ce besoin, pour que les personnes en situation de handicap puissent atteindre leurs objectifs d\u2019\u00e9ducation et d\u2019emploi, leur autonomie et contribuer \u00e0 leur communaut\u00e9.<\/p>\n\n\n\n<h4 class=\"wp-block-heading\">Loisirs<\/h4>\n\n\n\n<p>Les loisirs font partie int\u00e9grante de la vie et les personnes en situation de handicap peuvent faire face aux obstacles limitant leur capacit\u00e9 \u00e0 y participer. Les b\u00e9n\u00e9voles de Tetra sont des experts en cr\u00e9ation de dispositifs d\u2019assistance qui encouragent sp\u00e9cifiquement la participation aux activit\u00e9s sportives et aux loisirs. Au fil des ans, les b\u00e9n\u00e9voles ont con\u00e7u et cr\u00e9\u00e9 des dispositifs qui abordent l\u2019int\u00e9r\u00eat envers&nbsp;:<\/p>\n\n\n\n<ul class=\"wp-block-list\"><li>le golf,<\/li><li>la p\u00eache,<\/li><li>la peinture,<\/li><li>l\u2019utilisation d\u2019instruments de musique,<\/li><li>la participation aux sports adaptatifs, tels que le powerchair soccer, le para-hockey sur glace et le boccia.<\/li><\/ul>\n\n\n\n<p>Nous croyons en un monde dans lequel les personnes en situation de handicap physique se sentent autonomes et inspir\u00e9es pour r\u00e9imaginer les limites du possible. Cela est permis par des opportunit\u00e9s d\u2019acc\u00e8s.<\/p>\n\n\n\n<p>Avez-vous identifi\u00e9 un d\u00e9fi que vous ou un proche souhaite surmonter&nbsp;? Contactez soit notre coordinateur local soit le si\u00e8ge social.<\/p>\n\n\n\n<div class=\"wp-block-buttons is-layout-flex wp-block-buttons-is-layout-flex\">\n<div class=\"wp-block-button\"><a class=\"wp-block-button__link\" href=\"https:\/\/tetrasociety.org\/frca\/toutes-les-regions\/\">TrouveR une section locale<\/a><\/div>\n<\/div>\n\n\n\n<hr class=\"wp-block-separator\" id=\"histoire\"\/>\n\n\n\n<figure class=\"wp-block-image size-large\"><img decoding=\"async\" width=\"1024\" height=\"427\" data-src=\"https:\/\/tetrasociety.org\/wp-content\/uploads\/sites\/13\/2020\/11\/wide-banner-history-1024x427.jpg\" alt=\"\" class=\"wp-image-940 lazyload\" data-srcset=\"https:\/\/tetrasociety.org\/wp-content\/uploads\/sites\/13\/2020\/11\/wide-banner-history-1024x427.jpg 1024w, https:\/\/tetrasociety.org\/wp-content\/uploads\/sites\/13\/2020\/11\/wide-banner-history-300x125.jpg 300w, https:\/\/tetrasociety.org\/wp-content\/uploads\/sites\/13\/2020\/11\/wide-banner-history-768x320.jpg 768w, https:\/\/tetrasociety.org\/wp-content\/uploads\/sites\/13\/2020\/11\/wide-banner-history-1536x640.jpg 1536w, https:\/\/tetrasociety.org\/wp-content\/uploads\/sites\/13\/2020\/11\/wide-banner-history-1200x500.jpg 1200w, https:\/\/tetrasociety.org\/wp-content\/uploads\/sites\/13\/2020\/11\/wide-banner-history.jpg 1800w\" data-sizes=\"(max-width: 1024px) 100vw, 1024px\" src=\"data:image\/svg+xml;base64,PHN2ZyB3aWR0aD0iMSIgaGVpZ2h0PSIxIiB4bWxucz0iaHR0cDovL3d3dy53My5vcmcvMjAwMC9zdmciPjwvc3ZnPg==\" style=\"--smush-placeholder-width: 1024px; --smush-placeholder-aspect-ratio: 1024\/427;\" \/><\/figure>\n\n\n\n<h2 class=\"wp-block-heading\">Notre histoire<\/h2>\n\n\n\n<p>Tetra a \u00e9t\u00e9 fond\u00e9 par la volont\u00e9 d\u2019un individu, Sam&nbsp;Sullivan, qui \u00e9tait d\u00e9termin\u00e9 \u00e0 augmenter sa propre ind\u00e9pendance apr\u00e8s \u00eatre devenu quadripl\u00e9gique. Avec l\u2019aide d\u2019un b\u00e9n\u00e9vole empathique, Paul&nbsp;Cermak, qui a imagin\u00e9 de simples modifications qui ont r\u00e9volutionn\u00e9 l\u2019appartement de Sam, le sentiment d\u2019autonomisation au c\u0153ur de la Tetra&nbsp;Society of North&nbsp;America est n\u00e9.&nbsp;<\/p>\n\n\n\n<p>Bien que Sam soit devenu le maire de Vancouver et est d\u00e9sormais un membre de l\u2019assembl\u00e9e l\u00e9gislative lib\u00e9ral de la Colombie-Britannique, Tetra compte d\u00e9sormais 27&nbsp;sections locales, offrant des solutions personnalis\u00e9es \u00e0 plus de 40&nbsp;communaut\u00e9s \u00e0 travers le Canada et les \u00c9tats-Unis. Chaque ann\u00e9e, plus de 200&nbsp;b\u00e9n\u00e9voles de Tetra con\u00e7oivent et construisent des centaines de dispositifs d\u2019assistance personnalis\u00e9s.&nbsp;<\/p>\n\n\n\n<div class=\"wp-block-buttons is-content-justification-center is-layout-flex wp-block-buttons-is-layout-flex\">\n<div class=\"wp-block-button has-custom-width wp-block-button__width-75\"><a class=\"wp-block-button__link\" href=\"https:\/\/disabilityfoundation.org\/sams-story\/\">Lire l\u2019histoire de Sam<\/a><\/div>\n<\/div>\n\n\n\n<p class=\"has-text-align-center\"><em>(L\u2019histoire de Sam est uniquement disponible en anglais.)<\/em><\/p>\n<\/div>\n\n\n\n<div class=\"wp-block-column is-layout-flow wp-block-column-is-layout-flow\" style=\"--col-width:33.33%;flex-basis:33.33%\">\n<div class=\"wp-block-group has-transparent-background-color has-background tw-border\"><div class=\"wp-block-group__inner-container is-layout-flow wp-block-group-is-layout-flow\">\n<h2 class=\"has-h-4-font-size wp-block-heading\">Plus \u00e0 notre propos&nbsp;:<\/h2>\n\n\n\n<ul class=\"wp-block-list\"><li><a href=\"#processus-de-tetra\">Notre contribution<\/a><\/li><li><a href=\"#histoire\">Notre histoire<\/a><\/li><li><a href=\"https:\/\/tetrasociety.org\/frca\/conseil-dadministration\/\">Conseil d\u2019administration<\/a><\/li><li><a href=\"https:\/\/tetrasociety.org\/frca\/histoires-dune-reussite\/\">Histoires d\u2019une r\u00e9ussite<\/a><\/li><li><a href=\"https:\/\/tetrasociety.org\/\">Nos partisans<\/a><\/li><li><a href=\"https:\/\/tetrasociety.org\/frca\/foire-aux-questions\/\">FAQ<\/a><\/li><\/ul>\n<\/div><\/div>\n<\/div>\n<\/div>\n","protected":false},"excerpt":{"rendered":"<p>Qu\u2019est-ce que fait Tetra&nbsp;? Chez Tetra, nous nous concentrons sur l\u2019identification de solutions aux obstacles environnementaux auxquels sont confront\u00e9s les personnes en situation de handicap. Bien que ces obstacles environnementaux&hellip;<\/p>\n","protected":false},"author":1,"featured_media":3532,"parent":0,"menu_order":0,"comment_status":"closed","ping_status":"closed","template":"","meta":{"_monsterinsights_skip_tracking":false,"_monsterinsights_sitenote_active":false,"_monsterinsights_sitenote_note":"","_monsterinsights_sitenote_category":0,"_EventAllDay":false,"_EventTimezone":"","_EventStartDate":"","_EventEndDate":"","_EventStartDateUTC":"","_EventEndDateUTC":"","_EventShowMap":false,"_EventShowMapLink":false,"_EventURL":"","_EventCost":"","_EventCostDescription":"","_EventCurrencySymbol":"","_EventCurrencyCode":"","_EventCurrencyPosition":"","_EventDateTimeSeparator":"","_EventTimeRangeSeparator":"","_EventOrganizerID":[],"_EventVenueID":[],"_OrganizerEmail":"","_OrganizerPhone":"","_OrganizerWebsite":"","_VenueAddress":"","_VenueCity":"","_VenueCountry":"","_VenueProvince":"","_VenueState":"","_VenueZip":"","_VenuePhone":"","_VenueURL":"","_VenueStateProvince":"","_VenueLat":"","_VenueLng":"","_VenueShowMap":false,"_VenueShowMapLink":false,"footnotes":""},"class_list":["post-3526","page","type-page","status-publish","has-post-thumbnail","hentry"],"featured_image_urls_v2":{"full":["https:\/\/tetrasociety.org\/wp-content\/uploads\/sites\/13\/2020\/11\/wide-banner-about.jpg",1800,750,false],"thumbnail":["https:\/\/tetrasociety.org\/wp-content\/uploads\/sites\/13\/2020\/11\/wide-banner-about-150x150.jpg",96,96,true],"medium":["https:\/\/tetrasociety.org\/wp-content\/uploads\/sites\/13\/2020\/11\/wide-banner-about-300x125.jpg",300,125,true],"medium_large":["https:\/\/tetrasociety.org\/wp-content\/uploads\/sites\/13\/2020\/11\/wide-banner-about-768x320.jpg",700,292,true],"large":["https:\/\/tetrasociety.org\/wp-content\/uploads\/sites\/13\/2020\/11\/wide-banner-about-1024x427.jpg",1024,427,true],"1536x1536":["https:\/\/tetrasociety.org\/wp-content\/uploads\/sites\/13\/2020\/11\/wide-banner-about-1536x640.jpg",1536,640,true],"2048x2048":["https:\/\/tetrasociety.org\/wp-content\/uploads\/sites\/13\/2020\/11\/wide-banner-about.jpg",1800,750,false],"post-thumbnail":["https:\/\/tetrasociety.org\/wp-content\/uploads\/sites\/13\/2020\/11\/wide-banner-about-1200x500.jpg",1200,500,true],"twentytwenty-fullscreen":["https:\/\/tetrasociety.org\/wp-content\/uploads\/sites\/13\/2020\/11\/wide-banner-about.jpg",1800,750,false]},"post_excerpt_stackable_v2":"<p>Qu\u2019est-ce que fait Tetra&nbsp;? Chez Tetra, nous nous concentrons sur l\u2019identification de solutions aux obstacles environnementaux auxquels sont confront\u00e9s les personnes en situation de handicap. Bien que ces obstacles environnementaux fassent partie du v\u00e9cu d\u2019une personne, nous sommes convaincus que les solutions de Tetra aident \u00e0 promouvoir l\u2019augmentation de l\u2019ind\u00e9pendance, de la qualit\u00e9 de vie et de l\u2019inclusion. Processus de Tetra Tetra recrute les b\u00e9n\u00e9voles qui travaillent avec les clients \u00e0 la conception et la construction de dispositifs d\u2019assistance personnalis\u00e9s pour l\u2019individu. Ces dispositifs ne sont pas disponibles sur le march\u00e9 ou sont trop on\u00e9reux. En tant qu\u2019organisation a but&hellip;<\/p>\n","category_list_v2":"","author_info_v2":{"name":"ddrege","url":"https:\/\/tetrasociety.org\/frca\/author\/user\/"},"comments_num_v2":"0 comments","yoast_head":"<!-- This site is optimized with the Yoast SEO plugin v27.5 - https:\/\/yoast.com\/product\/yoast-seo-wordpress\/ -->\n<title>\u00c0 propos - Tetra Society of North America<\/title>\n<meta name=\"description\" content=\"Tetra Society of North America d\u00e9veloppe des solutions innovantes pour aider les personnes en situation de handicap physique \u00e0 surmonter les obstacles environnementaux.\" \/>\n<meta name=\"robots\" content=\"index, follow, max-snippet:-1, max-image-preview:large, max-video-preview:-1\" \/>\n<link rel=\"canonical\" href=\"https:\/\/tetrasociety.org\/frca\/a-propos\/\" \/>\n<meta property=\"og:locale\" content=\"fr_CA\" \/>\n<meta property=\"og:type\" content=\"article\" \/>\n<meta property=\"og:title\" content=\"\u00c0 propos - Tetra Society of North America\" \/>\n<meta property=\"og:description\" content=\"Tetra Society of North America d\u00e9veloppe des solutions innovantes pour aider les personnes en situation de handicap physique \u00e0 surmonter les obstacles environnementaux.\" \/>\n<meta property=\"og:url\" content=\"https:\/\/tetrasociety.org\/frca\/a-propos\/\" \/>\n<meta property=\"og:site_name\" content=\"Tetra Society of North America\" \/>\n<meta property=\"article:publisher\" content=\"https:\/\/www.facebook.com\/tetrasociety\/\" \/>\n<meta property=\"article:modified_time\" content=\"2025-02-12T13:16:17+00:00\" \/>\n<meta property=\"og:image\" content=\"https:\/\/tetrasociety.org\/wp-content\/uploads\/sites\/13\/2020\/11\/wide-banner-about.jpg\" \/>\n\t<meta property=\"og:image:width\" content=\"1800\" \/>\n\t<meta property=\"og:image:height\" content=\"750\" \/>\n\t<meta property=\"og:image:type\" content=\"image\/jpeg\" \/>\n<meta name=\"twitter:card\" content=\"summary_large_image\" \/>\n<meta name=\"twitter:label1\" content=\"Estimation du temps de lecture\" \/>\n\t<meta name=\"twitter:data1\" content=\"4 minutes\" \/>\n<script type=\"application\/ld+json\" class=\"yoast-schema-graph\">{\"@context\":\"https:\\\/\\\/schema.org\",\"@graph\":[{\"@type\":\"WebPage\",\"@id\":\"https:\\\/\\\/tetrasociety.org\\\/frca\\\/a-propos\\\/\",\"url\":\"https:\\\/\\\/tetrasociety.org\\\/frca\\\/a-propos\\\/\",\"name\":\"\u00c0 propos - Tetra Society of North America\",\"isPartOf\":{\"@id\":\"https:\\\/\\\/tetrasociety.org\\\/frca\\\/#website\"},\"primaryImageOfPage\":{\"@id\":\"https:\\\/\\\/tetrasociety.org\\\/frca\\\/a-propos\\\/#primaryimage\"},\"image\":{\"@id\":\"https:\\\/\\\/tetrasociety.org\\\/frca\\\/a-propos\\\/#primaryimage\"},\"thumbnailUrl\":\"https:\\\/\\\/tetrasociety.org\\\/wp-content\\\/uploads\\\/sites\\\/13\\\/2020\\\/11\\\/wide-banner-about.jpg\",\"datePublished\":\"2020-07-08T04:24:18+00:00\",\"dateModified\":\"2025-02-12T13:16:17+00:00\",\"description\":\"Tetra Society of North America d\u00e9veloppe des solutions innovantes pour aider les personnes en situation de handicap physique \u00e0 surmonter les obstacles environnementaux.\",\"breadcrumb\":{\"@id\":\"https:\\\/\\\/tetrasociety.org\\\/frca\\\/a-propos\\\/#breadcrumb\"},\"inLanguage\":\"fr-CA\",\"potentialAction\":[{\"@type\":\"ReadAction\",\"target\":[\"https:\\\/\\\/tetrasociety.org\\\/frca\\\/a-propos\\\/\"]}]},{\"@type\":\"ImageObject\",\"inLanguage\":\"fr-CA\",\"@id\":\"https:\\\/\\\/tetrasociety.org\\\/frca\\\/a-propos\\\/#primaryimage\",\"url\":\"https:\\\/\\\/tetrasociety.org\\\/wp-content\\\/uploads\\\/sites\\\/13\\\/2020\\\/11\\\/wide-banner-about.jpg\",\"contentUrl\":\"https:\\\/\\\/tetrasociety.org\\\/wp-content\\\/uploads\\\/sites\\\/13\\\/2020\\\/11\\\/wide-banner-about.jpg\",\"width\":1800,\"height\":750},{\"@type\":\"BreadcrumbList\",\"@id\":\"https:\\\/\\\/tetrasociety.org\\\/frca\\\/a-propos\\\/#breadcrumb\",\"itemListElement\":[{\"@type\":\"ListItem\",\"position\":1,\"name\":\"Home\",\"item\":\"https:\\\/\\\/tetrasociety.org\\\/frca\\\/\"},{\"@type\":\"ListItem\",\"position\":2,\"name\":\"\u00c0 propos\"}]},{\"@type\":\"WebSite\",\"@id\":\"https:\\\/\\\/tetrasociety.org\\\/frca\\\/#website\",\"url\":\"https:\\\/\\\/tetrasociety.org\\\/frca\\\/\",\"name\":\"Tetra Society of North America\",\"description\":\"\",\"publisher\":{\"@id\":\"https:\\\/\\\/tetrasociety.org\\\/frca\\\/#organization\"},\"potentialAction\":[{\"@type\":\"SearchAction\",\"target\":{\"@type\":\"EntryPoint\",\"urlTemplate\":\"https:\\\/\\\/tetrasociety.org\\\/frca\\\/?s={search_term_string}\"},\"query-input\":{\"@type\":\"PropertyValueSpecification\",\"valueRequired\":true,\"valueName\":\"search_term_string\"}}],\"inLanguage\":\"fr-CA\"},{\"@type\":\"Organization\",\"@id\":\"https:\\\/\\\/tetrasociety.org\\\/frca\\\/#organization\",\"name\":\"Tetra Society of North America\",\"url\":\"https:\\\/\\\/tetrasociety.org\\\/frca\\\/\",\"logo\":{\"@type\":\"ImageObject\",\"inLanguage\":\"fr-CA\",\"@id\":\"https:\\\/\\\/tetrasociety.org\\\/frca\\\/#\\\/schema\\\/logo\\\/image\\\/\",\"url\":\"https:\\\/\\\/tetrasociety.org\\\/wp-content\\\/uploads\\\/sites\\\/13\\\/2020\\\/10\\\/Tetra-Circle-transparent-background.png\",\"contentUrl\":\"https:\\\/\\\/tetrasociety.org\\\/wp-content\\\/uploads\\\/sites\\\/13\\\/2020\\\/10\\\/Tetra-Circle-transparent-background.png\",\"width\":364,\"height\":344,\"caption\":\"Tetra Society of North America\"},\"image\":{\"@id\":\"https:\\\/\\\/tetrasociety.org\\\/frca\\\/#\\\/schema\\\/logo\\\/image\\\/\"},\"sameAs\":[\"https:\\\/\\\/www.facebook.com\\\/tetrasociety\\\/\",\"https:\\\/\\\/www.instagram.com\\\/tetrasocietyna\\\/\",\"https:\\\/\\\/www.linkedin.com\\\/company\\\/tetra-society-north-america\\\/\",\"https:\\\/\\\/www.youtube.com\\\/c\\\/DisabilityFoundation\",\"https:\\\/\\\/en.wikipedia.org\\\/wiki\\\/Sam_Sullivan_Disability_Foundation\\\/\"]}]}<\/script>\n<!-- \/ Yoast SEO plugin. -->","yoast_head_json":{"title":"\u00c0 propos - Tetra Society of North America","description":"Tetra Society of North America d\u00e9veloppe des solutions innovantes pour aider les personnes en situation de handicap physique \u00e0 surmonter les obstacles environnementaux.","robots":{"index":"index","follow":"follow","max-snippet":"max-snippet:-1","max-image-preview":"max-image-preview:large","max-video-preview":"max-video-preview:-1"},"canonical":"https:\/\/tetrasociety.org\/frca\/a-propos\/","og_locale":"fr_CA","og_type":"article","og_title":"\u00c0 propos - Tetra Society of North America","og_description":"Tetra Society of North America d\u00e9veloppe des solutions innovantes pour aider les personnes en situation de handicap physique \u00e0 surmonter les obstacles environnementaux.","og_url":"https:\/\/tetrasociety.org\/frca\/a-propos\/","og_site_name":"Tetra Society of North America","article_publisher":"https:\/\/www.facebook.com\/tetrasociety\/","article_modified_time":"2025-02-12T13:16:17+00:00","og_image":[{"width":1800,"height":750,"url":"https:\/\/tetrasociety.org\/wp-content\/uploads\/sites\/13\/2020\/11\/wide-banner-about.jpg","type":"image\/jpeg"}],"twitter_card":"summary_large_image","twitter_misc":{"Estimation du temps de lecture":"4 minutes"},"schema":{"@context":"https:\/\/schema.org","@graph":[{"@type":"WebPage","@id":"https:\/\/tetrasociety.org\/frca\/a-propos\/","url":"https:\/\/tetrasociety.org\/frca\/a-propos\/","name":"\u00c0 propos - Tetra Society of North America","isPartOf":{"@id":"https:\/\/tetrasociety.org\/frca\/#website"},"primaryImageOfPage":{"@id":"https:\/\/tetrasociety.org\/frca\/a-propos\/#primaryimage"},"image":{"@id":"https:\/\/tetrasociety.org\/frca\/a-propos\/#primaryimage"},"thumbnailUrl":"https:\/\/tetrasociety.org\/wp-content\/uploads\/sites\/13\/2020\/11\/wide-banner-about.jpg","datePublished":"2020-07-08T04:24:18+00:00","dateModified":"2025-02-12T13:16:17+00:00","description":"Tetra Society of North America d\u00e9veloppe des solutions innovantes pour aider les personnes en situation de handicap physique \u00e0 surmonter les obstacles environnementaux.","breadcrumb":{"@id":"https:\/\/tetrasociety.org\/frca\/a-propos\/#breadcrumb"},"inLanguage":"fr-CA","potentialAction":[{"@type":"ReadAction","target":["https:\/\/tetrasociety.org\/frca\/a-propos\/"]}]},{"@type":"ImageObject","inLanguage":"fr-CA","@id":"https:\/\/tetrasociety.org\/frca\/a-propos\/#primaryimage","url":"https:\/\/tetrasociety.org\/wp-content\/uploads\/sites\/13\/2020\/11\/wide-banner-about.jpg","contentUrl":"https:\/\/tetrasociety.org\/wp-content\/uploads\/sites\/13\/2020\/11\/wide-banner-about.jpg","width":1800,"height":750},{"@type":"BreadcrumbList","@id":"https:\/\/tetrasociety.org\/frca\/a-propos\/#breadcrumb","itemListElement":[{"@type":"ListItem","position":1,"name":"Home","item":"https:\/\/tetrasociety.org\/frca\/"},{"@type":"ListItem","position":2,"name":"\u00c0 propos"}]},{"@type":"WebSite","@id":"https:\/\/tetrasociety.org\/frca\/#website","url":"https:\/\/tetrasociety.org\/frca\/","name":"Tetra Society of North America","description":"","publisher":{"@id":"https:\/\/tetrasociety.org\/frca\/#organization"},"potentialAction":[{"@type":"SearchAction","target":{"@type":"EntryPoint","urlTemplate":"https:\/\/tetrasociety.org\/frca\/?s={search_term_string}"},"query-input":{"@type":"PropertyValueSpecification","valueRequired":true,"valueName":"search_term_string"}}],"inLanguage":"fr-CA"},{"@type":"Organization","@id":"https:\/\/tetrasociety.org\/frca\/#organization","name":"Tetra Society of North America","url":"https:\/\/tetrasociety.org\/frca\/","logo":{"@type":"ImageObject","inLanguage":"fr-CA","@id":"https:\/\/tetrasociety.org\/frca\/#\/schema\/logo\/image\/","url":"https:\/\/tetrasociety.org\/wp-content\/uploads\/sites\/13\/2020\/10\/Tetra-Circle-transparent-background.png","contentUrl":"https:\/\/tetrasociety.org\/wp-content\/uploads\/sites\/13\/2020\/10\/Tetra-Circle-transparent-background.png","width":364,"height":344,"caption":"Tetra Society of North America"},"image":{"@id":"https:\/\/tetrasociety.org\/frca\/#\/schema\/logo\/image\/"},"sameAs":["https:\/\/www.facebook.com\/tetrasociety\/","https:\/\/www.instagram.com\/tetrasocietyna\/","https:\/\/www.linkedin.com\/company\/tetra-society-north-america\/","https:\/\/www.youtube.com\/c\/DisabilityFoundation","https:\/\/en.wikipedia.org\/wiki\/Sam_Sullivan_Disability_Foundation\/"]}]}},"_links":{"self":[{"href":"https:\/\/tetrasociety.org\/frca\/wp-json\/wp\/v2\/pages\/3526","targetHints":{"allow":["GET"]}}],"collection":[{"href":"https:\/\/tetrasociety.org\/frca\/wp-json\/wp\/v2\/pages"}],"about":[{"href":"https:\/\/tetrasociety.org\/frca\/wp-json\/wp\/v2\/types\/page"}],"author":[{"embeddable":true,"href":"https:\/\/tetrasociety.org\/frca\/wp-json\/wp\/v2\/users\/1"}],"replies":[{"embeddable":true,"href":"https:\/\/tetrasociety.org\/frca\/wp-json\/wp\/v2\/comments?post=3526"}],"version-history":[{"count":14,"href":"https:\/\/tetrasociety.org\/frca\/wp-json\/wp\/v2\/pages\/3526\/revisions"}],"predecessor-version":[{"id":4012,"href":"https:\/\/tetrasociety.org\/frca\/wp-json\/wp\/v2\/pages\/3526\/revisions\/4012"}],"wp:featuredmedia":[{"embeddable":true,"href":"https:\/\/tetrasociety.org\/frca\/wp-json\/wp\/v2\/media\/3532"}],"wp:attachment":[{"href":"https:\/\/tetrasociety.org\/frca\/wp-json\/wp\/v2\/media?parent=3526"}],"curies":[{"name":"wp","href":"https:\/\/api.w.org\/{rel}","templated":true}]}}