{"id":3485,"date":"2022-06-15T23:13:51","date_gmt":"2022-06-16T03:13:51","guid":{"rendered":"https:\/\/tetrasociety.org\/_-_-3\/"},"modified":"2025-02-12T04:52:34","modified_gmt":"2025-02-12T09:52:34","slug":"devenir-membre","status":"publish","type":"page","link":"https:\/\/tetrasociety.org\/frca\/devenir-membre\/","title":{"rendered":"Devenir membre"},"content":{"rendered":"\n<p class=\"tw-mb-0 tw-mt-0\">Vous souhaitez \u00eatre plus impliqu\u00e9 dans la Tetra&nbsp;Society&nbsp;?<\/p>\n\n\n\n<h2 class=\"tw-mt-5 has-subtle-background-background-color has-background has-larger-font-size wp-block-heading\">Devenez un membre Premium de la Tetra&nbsp;Society. <\/h2>\n\n\n\n<p>Les cotisations de membre s\u2019\u00e9l\u00e8vent \u00e0 20&nbsp;$ par an. Il existe deux options de paiement&nbsp;:<\/p>\n\n\n\n<ol class=\"wp-block-list\"><li>Vous pouvez <a href=\"https:\/\/square.link\/u\/W9jvK0bX\">payer vos cotisations de membre en ligne<\/a> (<em>en anglais uniquement<\/em>).<\/li><li>Vous pouvez nous envoyer un ch\u00e8que \u00e0 l\u2019adresse postale&nbsp;: <strong>Tetra&nbsp;Society, 110-2285 Clark Drive, Vancouver BC V5N3G9<\/strong>.<\/li><\/ol>\n\n\n\n<p>L\u2019affiliation est effective du 1er&nbsp;janvier au 31&nbsp;d\u00e9cembre et commence l\u2019ann\u00e9e du paiement initial. Les avantages des membres Premium comprennent&nbsp;:<\/p>\n\n\n\n<ul class=\"wp-block-list\"><li>un vote \u00e0 la r\u00e9union g\u00e9n\u00e9rale annuelle,<\/li><li>la participation \u00e0 la planification et \u00e0 la vision strat\u00e9giques de la Tetra&nbsp;Society,<\/li><li>la possibilit\u00e9 d\u2019\u00eatre nomm\u00e9 administrateur au Conseil d\u2019administration.<\/li><\/ul>\n\n\n\n<p>Pour devenir membre, veuillez <strong>compl\u00e9ter le Formulaire de membre Premium<\/strong> en cliquant sur le bouton ci-dessous et en nous l\u2019envoyant par courriel \u00e0 l\u2019adresse <a href=\"mailto:info@tetrasociety.org\">info@tetrasociety.org<\/a> ou imprimez et envoyez-le \u00e0 l\u2019adresse postale <strong>Tetra&nbsp;Society, 110-2285 Clark Drive, Vancouver BC V5N3G9<\/strong>.<\/p>\n\n\n\n<p class=\"has-text-align-center\">(<em>La documentation est uniquement disponible en anglais.<\/em>)<\/p>\n\n\n\n<div class=\"wp-block-buttons is-content-justification-center tw-mb-0 is-layout-flex wp-block-buttons-is-layout-flex\">\n<div class=\"wp-block-button has-custom-width wp-block-button__width-100\"><a class=\"wp-block-button__link\" href=\"https:\/\/tetrasociety.org\/tetra-premium-membership-form-2022-fillable\/\">Devenir un membre de la Tetra&nbsp;Society<\/a><\/div>\n<\/div>\n\n\n\n<h2 class=\"has-large-font-size wp-block-heading\">Vous n\u2019\u00eates pas pr\u00eat \u00e0 devenir membre Premium&nbsp;? <\/h2>\n\n\n\n<p>Ne vous inqui\u00e9tez pas&nbsp;! Votre participation au sein de la Tetra&nbsp;Society signifie que vous \u00eates un membre non votant et gratuit. Vous continuerez \u00e0 recevoir les m\u00eames programmes d\u2019excellence.<\/p>\n","protected":false},"excerpt":{"rendered":"<p>Vous souhaitez \u00eatre plus impliqu\u00e9 dans la Tetra&nbsp;Society&nbsp;? Devenez un membre Premium de la Tetra&nbsp;Society. Les cotisations de membre s\u2019\u00e9l\u00e8vent \u00e0 20&nbsp;$ par an. Il existe deux options de paiement&nbsp;:&hellip;<\/p>\n","protected":false},"author":1,"featured_media":0,"parent":0,"menu_order":0,"comment_status":"closed","ping_status":"closed","template":"","meta":{"_monsterinsights_skip_tracking":false,"_monsterinsights_sitenote_active":false,"_monsterinsights_sitenote_note":"","_monsterinsights_sitenote_category":0,"_EventAllDay":false,"_EventTimezone":"","_EventStartDate":"","_EventEndDate":"","_EventStartDateUTC":"","_EventEndDateUTC":"","_EventShowMap":false,"_EventShowMapLink":false,"_EventURL":"","_EventCost":"","_EventCostDescription":"","_EventCurrencySymbol":"","_EventCurrencyCode":"","_EventCurrencyPosition":"","_EventDateTimeSeparator":"","_EventTimeRangeSeparator":"","_EventOrganizerID":[],"_EventVenueID":[],"_OrganizerEmail":"","_OrganizerPhone":"","_OrganizerWebsite":"","_VenueAddress":"","_VenueCity":"","_VenueCountry":"","_VenueProvince":"","_VenueState":"","_VenueZip":"","_VenuePhone":"","_VenueURL":"","_VenueStateProvince":"","_VenueLat":"","_VenueLng":"","_VenueShowMap":false,"_VenueShowMapLink":false,"footnotes":""},"class_list":["post-3485","page","type-page","status-publish","hentry"],"featured_image_urls_v2":{"full":"","thumbnail":"","medium":"","medium_large":"","large":"","1536x1536":"","2048x2048":"","post-thumbnail":"","twentytwenty-fullscreen":""},"post_excerpt_stackable_v2":"<p>Vous souhaitez \u00eatre plus impliqu\u00e9 dans la Tetra&nbsp;Society&nbsp;? Devenez un membre Premium de la Tetra&nbsp;Society. Les cotisations de membre s\u2019\u00e9l\u00e8vent \u00e0 20&nbsp;$ par an. Il existe deux options de paiement&nbsp;: Vous pouvez payer vos cotisations de membre en ligne (en anglais uniquement).Vous pouvez nous envoyer un ch\u00e8que \u00e0 l\u2019adresse postale&nbsp;: Tetra&nbsp;Society, 110-2285 Clark Drive, Vancouver BC V5N3G9. L\u2019affiliation est effective du 1er&nbsp;janvier au 31&nbsp;d\u00e9cembre et commence l\u2019ann\u00e9e du paiement initial. Les avantages des membres Premium comprennent&nbsp;: un vote \u00e0 la r\u00e9union g\u00e9n\u00e9rale annuelle,la participation \u00e0 la planification et \u00e0 la vision strat\u00e9giques de la Tetra&nbsp;Society,la possibilit\u00e9 d\u2019\u00eatre nomm\u00e9 administrateur au&hellip;<\/p>\n","category_list_v2":"","author_info_v2":{"name":"ddrege","url":"https:\/\/tetrasociety.org\/frca\/author\/user\/"},"comments_num_v2":"0 comments","yoast_head":"<!-- This site is optimized with the Yoast SEO plugin v27.5 - https:\/\/yoast.com\/product\/yoast-seo-wordpress\/ -->\n<title>Devenir membre - Tetra Society of North America<\/title>\n<meta name=\"description\" content=\"Tetra Society of North America builds innovative solutions for people with physical disabilities to overcome environmental barriers.\" \/>\n<meta name=\"robots\" content=\"index, follow, max-snippet:-1, max-image-preview:large, max-video-preview:-1\" \/>\n<link rel=\"canonical\" href=\"https:\/\/tetrasociety.org\/frca\/devenir-membre\/\" \/>\n<meta property=\"og:locale\" content=\"fr_CA\" \/>\n<meta property=\"og:type\" content=\"article\" \/>\n<meta property=\"og:title\" content=\"Devenir membre - Tetra Society of North America\" \/>\n<meta property=\"og:description\" content=\"Tetra Society of North America builds innovative solutions for people with physical disabilities to overcome environmental barriers.\" \/>\n<meta property=\"og:url\" content=\"https:\/\/tetrasociety.org\/frca\/devenir-membre\/\" \/>\n<meta property=\"og:site_name\" content=\"Tetra Society of North America\" \/>\n<meta property=\"article:publisher\" content=\"https:\/\/www.facebook.com\/tetrasociety\/\" \/>\n<meta property=\"article:modified_time\" content=\"2025-02-12T09:52:34+00:00\" \/>\n<meta name=\"twitter:card\" content=\"summary_large_image\" \/>\n<meta name=\"twitter:label1\" content=\"Estimation du temps de lecture\" \/>\n\t<meta name=\"twitter:data1\" content=\"1 minute\" \/>\n<script type=\"application\/ld+json\" class=\"yoast-schema-graph\">{\"@context\":\"https:\\\/\\\/schema.org\",\"@graph\":[{\"@type\":\"WebPage\",\"@id\":\"https:\\\/\\\/tetrasociety.org\\\/frca\\\/devenir-membre\\\/\",\"url\":\"https:\\\/\\\/tetrasociety.org\\\/frca\\\/devenir-membre\\\/\",\"name\":\"Devenir membre - Tetra Society of North America\",\"isPartOf\":{\"@id\":\"https:\\\/\\\/tetrasociety.org\\\/frca\\\/#website\"},\"datePublished\":\"2022-06-16T03:13:51+00:00\",\"dateModified\":\"2025-02-12T09:52:34+00:00\",\"description\":\"Tetra Society of North America builds innovative solutions for people with physical disabilities to overcome environmental barriers.\",\"breadcrumb\":{\"@id\":\"https:\\\/\\\/tetrasociety.org\\\/frca\\\/devenir-membre\\\/#breadcrumb\"},\"inLanguage\":\"fr-CA\",\"potentialAction\":[{\"@type\":\"ReadAction\",\"target\":[\"https:\\\/\\\/tetrasociety.org\\\/frca\\\/devenir-membre\\\/\"]}]},{\"@type\":\"BreadcrumbList\",\"@id\":\"https:\\\/\\\/tetrasociety.org\\\/frca\\\/devenir-membre\\\/#breadcrumb\",\"itemListElement\":[{\"@type\":\"ListItem\",\"position\":1,\"name\":\"Home\",\"item\":\"https:\\\/\\\/tetrasociety.org\\\/frca\\\/\"},{\"@type\":\"ListItem\",\"position\":2,\"name\":\"Devenir membre\"}]},{\"@type\":\"WebSite\",\"@id\":\"https:\\\/\\\/tetrasociety.org\\\/frca\\\/#website\",\"url\":\"https:\\\/\\\/tetrasociety.org\\\/frca\\\/\",\"name\":\"Tetra Society of North America\",\"description\":\"\",\"publisher\":{\"@id\":\"https:\\\/\\\/tetrasociety.org\\\/frca\\\/#organization\"},\"potentialAction\":[{\"@type\":\"SearchAction\",\"target\":{\"@type\":\"EntryPoint\",\"urlTemplate\":\"https:\\\/\\\/tetrasociety.org\\\/frca\\\/?s={search_term_string}\"},\"query-input\":{\"@type\":\"PropertyValueSpecification\",\"valueRequired\":true,\"valueName\":\"search_term_string\"}}],\"inLanguage\":\"fr-CA\"},{\"@type\":\"Organization\",\"@id\":\"https:\\\/\\\/tetrasociety.org\\\/frca\\\/#organization\",\"name\":\"Tetra Society of North America\",\"url\":\"https:\\\/\\\/tetrasociety.org\\\/frca\\\/\",\"logo\":{\"@type\":\"ImageObject\",\"inLanguage\":\"fr-CA\",\"@id\":\"https:\\\/\\\/tetrasociety.org\\\/frca\\\/#\\\/schema\\\/logo\\\/image\\\/\",\"url\":\"https:\\\/\\\/tetrasociety.org\\\/wp-content\\\/uploads\\\/sites\\\/13\\\/2020\\\/10\\\/Tetra-Circle-transparent-background.png\",\"contentUrl\":\"https:\\\/\\\/tetrasociety.org\\\/wp-content\\\/uploads\\\/sites\\\/13\\\/2020\\\/10\\\/Tetra-Circle-transparent-background.png\",\"width\":364,\"height\":344,\"caption\":\"Tetra Society of North America\"},\"image\":{\"@id\":\"https:\\\/\\\/tetrasociety.org\\\/frca\\\/#\\\/schema\\\/logo\\\/image\\\/\"},\"sameAs\":[\"https:\\\/\\\/www.facebook.com\\\/tetrasociety\\\/\",\"https:\\\/\\\/www.instagram.com\\\/tetrasocietyna\\\/\",\"https:\\\/\\\/www.linkedin.com\\\/company\\\/tetra-society-north-america\\\/\",\"https:\\\/\\\/www.youtube.com\\\/c\\\/DisabilityFoundation\",\"https:\\\/\\\/en.wikipedia.org\\\/wiki\\\/Sam_Sullivan_Disability_Foundation\\\/\"]}]}<\/script>\n<!-- \/ Yoast SEO plugin. -->","yoast_head_json":{"title":"Devenir membre - Tetra Society of North America","description":"Tetra Society of North America builds innovative solutions for people with physical disabilities to overcome environmental barriers.","robots":{"index":"index","follow":"follow","max-snippet":"max-snippet:-1","max-image-preview":"max-image-preview:large","max-video-preview":"max-video-preview:-1"},"canonical":"https:\/\/tetrasociety.org\/frca\/devenir-membre\/","og_locale":"fr_CA","og_type":"article","og_title":"Devenir membre - Tetra Society of North America","og_description":"Tetra Society of North America builds innovative solutions for people with physical disabilities to overcome environmental barriers.","og_url":"https:\/\/tetrasociety.org\/frca\/devenir-membre\/","og_site_name":"Tetra Society of North America","article_publisher":"https:\/\/www.facebook.com\/tetrasociety\/","article_modified_time":"2025-02-12T09:52:34+00:00","twitter_card":"summary_large_image","twitter_misc":{"Estimation du temps de lecture":"1 minute"},"schema":{"@context":"https:\/\/schema.org","@graph":[{"@type":"WebPage","@id":"https:\/\/tetrasociety.org\/frca\/devenir-membre\/","url":"https:\/\/tetrasociety.org\/frca\/devenir-membre\/","name":"Devenir membre - Tetra Society of North America","isPartOf":{"@id":"https:\/\/tetrasociety.org\/frca\/#website"},"datePublished":"2022-06-16T03:13:51+00:00","dateModified":"2025-02-12T09:52:34+00:00","description":"Tetra Society of North America builds innovative solutions for people with physical disabilities to overcome environmental barriers.","breadcrumb":{"@id":"https:\/\/tetrasociety.org\/frca\/devenir-membre\/#breadcrumb"},"inLanguage":"fr-CA","potentialAction":[{"@type":"ReadAction","target":["https:\/\/tetrasociety.org\/frca\/devenir-membre\/"]}]},{"@type":"BreadcrumbList","@id":"https:\/\/tetrasociety.org\/frca\/devenir-membre\/#breadcrumb","itemListElement":[{"@type":"ListItem","position":1,"name":"Home","item":"https:\/\/tetrasociety.org\/frca\/"},{"@type":"ListItem","position":2,"name":"Devenir membre"}]},{"@type":"WebSite","@id":"https:\/\/tetrasociety.org\/frca\/#website","url":"https:\/\/tetrasociety.org\/frca\/","name":"Tetra Society of North America","description":"","publisher":{"@id":"https:\/\/tetrasociety.org\/frca\/#organization"},"potentialAction":[{"@type":"SearchAction","target":{"@type":"EntryPoint","urlTemplate":"https:\/\/tetrasociety.org\/frca\/?s={search_term_string}"},"query-input":{"@type":"PropertyValueSpecification","valueRequired":true,"valueName":"search_term_string"}}],"inLanguage":"fr-CA"},{"@type":"Organization","@id":"https:\/\/tetrasociety.org\/frca\/#organization","name":"Tetra Society of North America","url":"https:\/\/tetrasociety.org\/frca\/","logo":{"@type":"ImageObject","inLanguage":"fr-CA","@id":"https:\/\/tetrasociety.org\/frca\/#\/schema\/logo\/image\/","url":"https:\/\/tetrasociety.org\/wp-content\/uploads\/sites\/13\/2020\/10\/Tetra-Circle-transparent-background.png","contentUrl":"https:\/\/tetrasociety.org\/wp-content\/uploads\/sites\/13\/2020\/10\/Tetra-Circle-transparent-background.png","width":364,"height":344,"caption":"Tetra Society of North America"},"image":{"@id":"https:\/\/tetrasociety.org\/frca\/#\/schema\/logo\/image\/"},"sameAs":["https:\/\/www.facebook.com\/tetrasociety\/","https:\/\/www.instagram.com\/tetrasocietyna\/","https:\/\/www.linkedin.com\/company\/tetra-society-north-america\/","https:\/\/www.youtube.com\/c\/DisabilityFoundation","https:\/\/en.wikipedia.org\/wiki\/Sam_Sullivan_Disability_Foundation\/"]}]}},"_links":{"self":[{"href":"https:\/\/tetrasociety.org\/frca\/wp-json\/wp\/v2\/pages\/3485","targetHints":{"allow":["GET"]}}],"collection":[{"href":"https:\/\/tetrasociety.org\/frca\/wp-json\/wp\/v2\/pages"}],"about":[{"href":"https:\/\/tetrasociety.org\/frca\/wp-json\/wp\/v2\/types\/page"}],"author":[{"embeddable":true,"href":"https:\/\/tetrasociety.org\/frca\/wp-json\/wp\/v2\/users\/1"}],"replies":[{"embeddable":true,"href":"https:\/\/tetrasociety.org\/frca\/wp-json\/wp\/v2\/comments?post=3485"}],"version-history":[{"count":8,"href":"https:\/\/tetrasociety.org\/frca\/wp-json\/wp\/v2\/pages\/3485\/revisions"}],"predecessor-version":[{"id":3986,"href":"https:\/\/tetrasociety.org\/frca\/wp-json\/wp\/v2\/pages\/3485\/revisions\/3986"}],"wp:attachment":[{"href":"https:\/\/tetrasociety.org\/frca\/wp-json\/wp\/v2\/media?parent=3485"}],"curies":[{"name":"wp","href":"https:\/\/api.w.org\/{rel}","templated":true}]}}