{"id":3472,"date":"2020-11-10T13:52:10","date_gmt":"2020-11-10T18:52:10","guid":{"rendered":"https:\/\/tetrasociety.org\/_-_\/"},"modified":"2025-02-12T08:31:08","modified_gmt":"2025-02-12T13:31:08","slug":"commemoration","status":"publish","type":"page","link":"https:\/\/tetrasociety.org\/frca\/commemoration\/","title":{"rendered":"Comm\u00e9moration"},"content":{"rendered":"\n<div class=\"wp-block-columns alignwide is-layout-flex wp-container-core-columns-is-layout-d0b3c9c8 wp-block-columns-is-layout-flex\">\n<div class=\"wp-block-column is-layout-flow wp-block-column-is-layout-flow\" style=\"--col-width:66.66%;flex-basis:66.66%\">\n<h2 class=\"wp-block-heading\">Harry&nbsp;Hardy<\/h2>\n\n\n\n<div class=\"wp-block-media-text alignfull is-stacked-on-mobile tw-mb-4 tw-mt-4\"><figure class=\"wp-block-media-text__media\"><img decoding=\"async\" width=\"331\" height=\"356\" data-src=\"https:\/\/tetrasociety.org\/wp-content\/uploads\/sites\/13\/2020\/11\/HarryHardy_web.jpg\" alt=\"\" class=\"wp-image-1034 size-full lazyload\" data-srcset=\"https:\/\/tetrasociety.org\/wp-content\/uploads\/sites\/13\/2020\/11\/HarryHardy_web.jpg 331w, https:\/\/tetrasociety.org\/wp-content\/uploads\/sites\/13\/2020\/11\/HarryHardy_web-279x300.jpg 279w\" data-sizes=\"(max-width: 331px) 100vw, 331px\" src=\"data:image\/svg+xml;base64,PHN2ZyB3aWR0aD0iMSIgaGVpZ2h0PSIxIiB4bWxucz0iaHR0cDovL3d3dy53My5vcmcvMjAwMC9zdmciPjwvc3ZnPg==\" style=\"--smush-placeholder-width: 331px; --smush-placeholder-aspect-ratio: 331\/356;\" \/><\/figure><div class=\"wp-block-media-text__content\">\n<p>Harry&nbsp;James&nbsp;Hardy \u00e9tait un b\u00e9n\u00e9vole de longue date qui a commenc\u00e9 \u00e0 travailler aupr\u00e8s de Tetra en 1994. Il a mis \u00e0 profit ses comp\u00e9tences en ing\u00e9nierie \u00e9lectrique, a cr\u00e9\u00e9 367&nbsp;dispositifs et a assist\u00e9 sur des centaines d\u2019autres projets. Pour beaucoup au sein de la vaste communaut\u00e9 de coordinateurs, b\u00e9n\u00e9voles et clients de Tetra, penser \u00e0 Tetra, notamment en Colombie-Britannique, revient \u00e0 penser \u00e0 Harry.<\/p>\n<\/div><\/div>\n\n\n\n<p>Ces nombreux accomplissements comprennent, notamment&nbsp;:<\/p>\n\n\n\n<ul class=\"wp-block-list\"><li>la R\u00e9compense d\u2019accomplissement d\u2019une vie de la Tetra&nbsp;Society en 2010,<\/li><li>la L\u00e9gion d\u2019honneur en France,<\/li><li>la Croix du service d\u2019aviation britannique,<\/li><li>la M\u00e9daille du souverain pour les b\u00e9n\u00e9voles du Canada,<\/li><li>la R\u00e9compense d\u2019accomplissement communautaire de la Colombie-Britannique.<\/li><\/ul>\n\n\n\n<p>Pour en apprendre davantage sur la vie d\u2019Harry ou faire un don, veuillez cliquer sur le bouton Lever des fonds en l\u2019honneur de Harry&nbsp;Hardy ci-dessous.<\/p>\n\n\n\n<div class=\"wp-block-buttons is-layout-flex wp-block-buttons-is-layout-flex\">\n<div class=\"wp-block-button\"><a class=\"wp-block-button__link\" href=\"https:\/\/www.canadahelps.org\/en\/charities\/tetra-society-of-north-america\/campaign\/harry-hardy\/\">Lever des fonds en l\u2019honneur de Harry&nbsp;Hardy<\/a><\/div>\n<\/div>\n\n\n\n<hr class=\"wp-block-separator\"\/>\n\n\n\n<figure class=\"wp-block-image size-large is-resized\"><img decoding=\"async\" data-src=\"https:\/\/tetrasociety.org\/wp-content\/uploads\/sites\/13\/2024\/10\/Bryce-2.png\" alt=\"\" class=\"wp-image-3161 lazyload\" width=\"439\" height=\"434\" data-srcset=\"https:\/\/tetrasociety.org\/wp-content\/uploads\/sites\/13\/2024\/10\/Bryce-2.png 796w, https:\/\/tetrasociety.org\/wp-content\/uploads\/sites\/13\/2024\/10\/Bryce-2-768x759.png 768w\" data-sizes=\"(max-width: 439px) 100vw, 439px\" src=\"data:image\/svg+xml;base64,PHN2ZyB3aWR0aD0iMSIgaGVpZ2h0PSIxIiB4bWxucz0iaHR0cDovL3d3dy53My5vcmcvMjAwMC9zdmciPjwvc3ZnPg==\" style=\"--smush-placeholder-width: 439px; --smush-placeholder-aspect-ratio: 439\/434;\" \/><\/figure>\n\n\n\n<h2 class=\"wp-block-heading\">Bryce&nbsp;Clarke<\/h2>\n\n\n\n<p>Bryce travaillait pour le d\u00e9partement de police d\u2019Edmonton depuis 1998. Il \u00e9tait l\u2019un des deux seuls officiers de police quadripl\u00e9giques au Canada. Il \u00e9tait D\u00e9tective int\u00e9rimaire au sein de la division du centre ville o\u00f9 il supervisait le Programme de gestion des d\u00e9tenus. Il a pris contact pour la premi\u00e8re fois avec la section de l\u2019Alberta de Tetra en 2016, alors qu\u2019il cherchait de l\u2019aide pour modifier un chasse-neige lui permettant de d\u00e9blayer son all\u00e9e de voiture. Son objectif en temps que membre du Conseil pour la section de l\u2019Alberta de Tetra \u00e9tait d\u2019aider d\u2019autres personnes \u00e0 surmonter des obstacles et \u00e0 faciliter leur quotidien. Bryce \u00e9tait \u00e9galement le Vice-pr\u00e9sident de SCI&nbsp;Alberta et \u00e9tait membre du Conseil du Premiers&rsquo; Council on the Status of Persons with Disabilities de l\u2019Alberta.<\/p>\n\n\n\n<hr class=\"wp-block-separator\"\/>\n\n\n\n<figure class=\"wp-block-image size-large is-resized\"><img decoding=\"async\" data-src=\"https:\/\/tetrasociety.org\/wp-content\/uploads\/sites\/13\/2024\/10\/Terri.png\" alt=\"\" class=\"wp-image-3154 lazyload\" width=\"441\" height=\"588\" data-srcset=\"https:\/\/tetrasociety.org\/wp-content\/uploads\/sites\/13\/2024\/10\/Terri.png 884w, https:\/\/tetrasociety.org\/wp-content\/uploads\/sites\/13\/2024\/10\/Terri-768x1023.png 768w\" data-sizes=\"(max-width: 441px) 100vw, 441px\" src=\"data:image\/svg+xml;base64,PHN2ZyB3aWR0aD0iMSIgaGVpZ2h0PSIxIiB4bWxucz0iaHR0cDovL3d3dy53My5vcmcvMjAwMC9zdmciPjwvc3ZnPg==\" style=\"--smush-placeholder-width: 441px; --smush-placeholder-aspect-ratio: 441\/588;\" \/><\/figure>\n\n\n\n<h2 class=\"wp-block-heading\">Terry&nbsp;LeBlanc<\/h2>\n\n\n\n<p>La Disability&nbsp;Foundation \u00e9tait particuli\u00e8rement attrist\u00e9e d\u2019apprendre le d\u00e9c\u00e8s de Terry&nbsp;LeBlanc le 19&nbsp;d\u00e9cembre&nbsp;2022. L\u2019impact de Terry sur la Disability&nbsp;Foundation, nos soci\u00e9t\u00e9s affili\u00e9es et la communaut\u00e9 des personnes en situation de handicap est incommensurable. Pour beaucoup, il a \u00e9t\u00e9 un v\u00e9ritable mentor et \u00e9tait toujours pr\u00eat \u00e0 partager ses exp\u00e9riences dans l\u2019espoir d\u2019aider les autres.<\/p>\n\n\n\n<p class=\"tw-text-wide\">Terry aimait converser avec ses amis, dans un jardin ou pr\u00e8s de l\u2019eau sur la plage Jericho&nbsp;Beach. Il \u00e9tait passionn\u00e9 de jardinage, un navigateur de comp\u00e9tition et le meilleur navigateur \u00ab&nbsp;sip &lsquo;n&rsquo; puff&nbsp;\u00bb (technologie de contr\u00f4le par aspiration et expiration) de l\u2019ASABC. Terry avait un grand sens de l\u2019humour et \u00e9tait un fan d\u00e9vou\u00e9 des Canucks. Son esprit de meneur a r\u00e9sonn\u00e9 \u00e0 travers l\u2019ensemble des soci\u00e9t\u00e9s de la Fondation, du fait du r\u00f4le majeur qu\u2019il a jou\u00e9 dans la cr\u00e9ation de la Disability&nbsp;Foundation. Il a si\u00e9g\u00e9 \u00e0 de nombreux conseils pendant de longues ann\u00e9es et a contribu\u00e9 au d\u00e9veloppement du bateau Martin&nbsp;16 et du dispositif Canucks \u00ab&nbsp;sip &lsquo;n&rsquo; puff&nbsp;\u00bb.<\/p>\n<\/div>\n\n\n\n<div class=\"wp-block-column is-layout-flow wp-block-column-is-layout-flow\" style=\"--col-width:33.33%;flex-basis:33.33%\">\n<div class=\"wp-block-group has-transparent-background-color has-background tw-border\"><div class=\"wp-block-group__inner-container is-layout-flow wp-block-group-is-layout-flow\">\n<h3 class=\"wp-block-heading\">Nous aider<\/h3>\n\n\n\n<ul class=\"wp-block-list\"><li><a href=\"https:\/\/tetrasociety.org\/frca\/devenir-benevole\/\">B\u00e9n\u00e9voles en conception et construction<\/a><\/li><li><a href=\"https:\/\/tetrasociety.org\/frca\/devenir-benevole\/\">Port\u00e9e des b\u00e9n\u00e9voles<\/a><\/li><li><a href=\"https:\/\/tetrasociety.org\/frca\/clubs\/\">Clubs universitaires<\/a><\/li><\/ul>\n\n\n\n<div class=\"wp-block-buttons is-layout-flex wp-block-buttons-is-layout-flex\">\n<div class=\"wp-block-button\"><a class=\"wp-block-button__link\" href=\"https:\/\/tetrasociety.org\/frca\/devenir-benevole\/foire-aux-questions-et-temoignages\/\">FAQ DES B\u00c9N\u00c9VOLES<\/a><\/div>\n<\/div>\n\n\n\n<hr class=\"wp-block-separator\"\/>\n\n\n\n<figure class=\"wp-block-image size-large\"><img decoding=\"async\" width=\"80\" height=\"80\" data-src=\"https:\/\/tetrasociety.org\/wp-content\/uploads\/sites\/13\/2020\/11\/request.png\" alt=\"\" class=\"wp-image-1134 lazyload\" src=\"data:image\/svg+xml;base64,PHN2ZyB3aWR0aD0iMSIgaGVpZ2h0PSIxIiB4bWxucz0iaHR0cDovL3d3dy53My5vcmcvMjAwMC9zdmciPjwvc3ZnPg==\" style=\"--smush-placeholder-width: 80px; --smush-placeholder-aspect-ratio: 80\/80;\" \/><\/figure>\n\n\n\n<h3 class=\"wp-block-heading\">Ressources des b\u00e9n\u00e9voles (uniquement disponibles en anglais)<\/h3>\n\n\n\n<p>Pour les b\u00e9n\u00e9voles actuels de Tetra, veuillez t\u00e9l\u00e9charger notre <a href=\"\/wp-content\/uploads\/sites\/13\/2020\/11\/Volunteer_Expense_Report_Template.xlsx\">FORMULAIRE DE FACTURATION DE PROJET<\/a>, lors de la soumission de vos re\u00e7us. Si vous avez r\u00e9cemment fini un projet, veuillez remplir notre <a href=\"https:\/\/airtable.com\/shr2JwThunArraHq0\">FORMULAIRE D\u2019INFORMATIONS SUR LES PROJETS<\/a>.<\/p>\n\n\n\n<p>Pour les nouveaux b\u00e9n\u00e9voles, veuillez t\u00e9l\u00e9charger et signer notre <a href=\"https:\/\/disabilityfoundation.org\/wp-content\/uploads\/2020\/07\/Volunteer-Form_compressed.pdf\">FORMULAIRE DE D\u00c9CHARGE DE RESPONSABILIT\u00c9S ET D\u2019INSCRIPTION DE B\u00c9N\u00c9VOLE.<\/a><\/p>\n<\/div><\/div>\n<\/div>\n<\/div>\n","protected":false},"excerpt":{"rendered":"<p>Harry&nbsp;Hardy Harry&nbsp;James&nbsp;Hardy \u00e9tait un b\u00e9n\u00e9vole de longue date qui a commenc\u00e9 \u00e0 travailler aupr\u00e8s de Tetra en 1994. Il a mis \u00e0 profit ses comp\u00e9tences en ing\u00e9nierie \u00e9lectrique, a cr\u00e9\u00e9&hellip;<\/p>\n","protected":false},"author":1,"featured_media":0,"parent":0,"menu_order":0,"comment_status":"closed","ping_status":"closed","template":"","meta":{"_monsterinsights_skip_tracking":false,"_monsterinsights_sitenote_active":false,"_monsterinsights_sitenote_note":"","_monsterinsights_sitenote_category":0,"_EventAllDay":false,"_EventTimezone":"","_EventStartDate":"","_EventEndDate":"","_EventStartDateUTC":"","_EventEndDateUTC":"","_EventShowMap":false,"_EventShowMapLink":false,"_EventURL":"","_EventCost":"","_EventCostDescription":"","_EventCurrencySymbol":"","_EventCurrencyCode":"","_EventCurrencyPosition":"","_EventDateTimeSeparator":"","_EventTimeRangeSeparator":"","_EventOrganizerID":[],"_EventVenueID":[],"_OrganizerEmail":"","_OrganizerPhone":"","_OrganizerWebsite":"","_VenueAddress":"","_VenueCity":"","_VenueCountry":"","_VenueProvince":"","_VenueState":"","_VenueZip":"","_VenuePhone":"","_VenueURL":"","_VenueStateProvince":"","_VenueLat":"","_VenueLng":"","_VenueShowMap":false,"_VenueShowMapLink":false,"footnotes":""},"class_list":["post-3472","page","type-page","status-publish","hentry"],"featured_image_urls_v2":{"full":"","thumbnail":"","medium":"","medium_large":"","large":"","1536x1536":"","2048x2048":"","post-thumbnail":"","twentytwenty-fullscreen":""},"post_excerpt_stackable_v2":"<p>Harry&nbsp;Hardy Harry&nbsp;James&nbsp;Hardy \u00e9tait un b\u00e9n\u00e9vole de longue date qui a commenc\u00e9 \u00e0 travailler aupr\u00e8s de Tetra en 1994. Il a mis \u00e0 profit ses comp\u00e9tences en ing\u00e9nierie \u00e9lectrique, a cr\u00e9\u00e9 367&nbsp;dispositifs et a assist\u00e9 sur des centaines d\u2019autres projets. Pour beaucoup au sein de la vaste communaut\u00e9 de coordinateurs, b\u00e9n\u00e9voles et clients de Tetra, penser \u00e0 Tetra, notamment en Colombie-Britannique, revient \u00e0 penser \u00e0 Harry. Ces nombreux accomplissements comprennent, notamment&nbsp;: la R\u00e9compense d\u2019accomplissement d\u2019une vie de la Tetra&nbsp;Society en 2010,la L\u00e9gion d\u2019honneur en France,la Croix du service d\u2019aviation britannique,la M\u00e9daille du souverain pour les b\u00e9n\u00e9voles du Canada,la R\u00e9compense d\u2019accomplissement communautaire&hellip;<\/p>\n","category_list_v2":"","author_info_v2":{"name":"ddrege","url":"https:\/\/tetrasociety.org\/frca\/author\/user\/"},"comments_num_v2":"0 comments","yoast_head":"<!-- This site is optimized with the Yoast SEO plugin v27.4 - https:\/\/yoast.com\/product\/yoast-seo-wordpress\/ -->\n<title>Comm\u00e9moration - Tetra Society of North America<\/title>\n<meta name=\"description\" content=\"Tetra Society of North America d\u00e9veloppe des solutions innovantes pour aider les personnes en situation de handicap physique \u00e0 surmonter les obstacles environnementaux.\" \/>\n<meta name=\"robots\" content=\"index, follow, max-snippet:-1, max-image-preview:large, max-video-preview:-1\" \/>\n<link rel=\"canonical\" href=\"https:\/\/tetrasociety.org\/frca\/commemoration\/\" \/>\n<meta property=\"og:locale\" content=\"fr_CA\" \/>\n<meta property=\"og:type\" content=\"article\" \/>\n<meta property=\"og:title\" content=\"Comm\u00e9moration - Tetra Society of North America\" \/>\n<meta property=\"og:description\" content=\"Tetra Society of North America d\u00e9veloppe des solutions innovantes pour aider les personnes en situation de handicap physique \u00e0 surmonter les obstacles environnementaux.\" \/>\n<meta property=\"og:url\" content=\"https:\/\/tetrasociety.org\/frca\/commemoration\/\" \/>\n<meta property=\"og:site_name\" content=\"Tetra Society of North America\" \/>\n<meta property=\"article:publisher\" content=\"https:\/\/www.facebook.com\/tetrasociety\/\" \/>\n<meta property=\"article:modified_time\" content=\"2025-02-12T13:31:08+00:00\" \/>\n<meta property=\"og:image\" content=\"https:\/\/tetrasociety.org\/wp-content\/uploads\/sites\/13\/2020\/11\/HarryHardy_web.jpg\" \/>\n<meta name=\"twitter:card\" content=\"summary_large_image\" \/>\n<meta name=\"twitter:label1\" content=\"Estimation du temps de lecture\" \/>\n\t<meta name=\"twitter:data1\" content=\"4 minutes\" \/>\n<script type=\"application\/ld+json\" class=\"yoast-schema-graph\">{\"@context\":\"https:\\\/\\\/schema.org\",\"@graph\":[{\"@type\":\"WebPage\",\"@id\":\"https:\\\/\\\/tetrasociety.org\\\/frca\\\/commemoration\\\/\",\"url\":\"https:\\\/\\\/tetrasociety.org\\\/frca\\\/commemoration\\\/\",\"name\":\"Comm\u00e9moration - Tetra Society of North America\",\"isPartOf\":{\"@id\":\"https:\\\/\\\/tetrasociety.org\\\/frca\\\/#website\"},\"primaryImageOfPage\":{\"@id\":\"https:\\\/\\\/tetrasociety.org\\\/frca\\\/commemoration\\\/#primaryimage\"},\"image\":{\"@id\":\"https:\\\/\\\/tetrasociety.org\\\/frca\\\/commemoration\\\/#primaryimage\"},\"thumbnailUrl\":\"https:\\\/\\\/tetrasociety.org\\\/wp-content\\\/uploads\\\/sites\\\/13\\\/2020\\\/11\\\/HarryHardy_web.jpg\",\"datePublished\":\"2020-11-10T18:52:10+00:00\",\"dateModified\":\"2025-02-12T13:31:08+00:00\",\"description\":\"Tetra Society of North America d\u00e9veloppe des solutions innovantes pour aider les personnes en situation de handicap physique \u00e0 surmonter les obstacles environnementaux.\",\"breadcrumb\":{\"@id\":\"https:\\\/\\\/tetrasociety.org\\\/frca\\\/commemoration\\\/#breadcrumb\"},\"inLanguage\":\"fr-CA\",\"potentialAction\":[{\"@type\":\"ReadAction\",\"target\":[\"https:\\\/\\\/tetrasociety.org\\\/frca\\\/commemoration\\\/\"]}]},{\"@type\":\"ImageObject\",\"inLanguage\":\"fr-CA\",\"@id\":\"https:\\\/\\\/tetrasociety.org\\\/frca\\\/commemoration\\\/#primaryimage\",\"url\":\"https:\\\/\\\/tetrasociety.org\\\/wp-content\\\/uploads\\\/sites\\\/13\\\/2020\\\/11\\\/HarryHardy_web.jpg\",\"contentUrl\":\"https:\\\/\\\/tetrasociety.org\\\/wp-content\\\/uploads\\\/sites\\\/13\\\/2020\\\/11\\\/HarryHardy_web.jpg\"},{\"@type\":\"BreadcrumbList\",\"@id\":\"https:\\\/\\\/tetrasociety.org\\\/frca\\\/commemoration\\\/#breadcrumb\",\"itemListElement\":[{\"@type\":\"ListItem\",\"position\":1,\"name\":\"Home\",\"item\":\"https:\\\/\\\/tetrasociety.org\\\/frca\\\/\"},{\"@type\":\"ListItem\",\"position\":2,\"name\":\"Comm\u00e9moration\"}]},{\"@type\":\"WebSite\",\"@id\":\"https:\\\/\\\/tetrasociety.org\\\/frca\\\/#website\",\"url\":\"https:\\\/\\\/tetrasociety.org\\\/frca\\\/\",\"name\":\"Tetra Society of North America\",\"description\":\"\",\"publisher\":{\"@id\":\"https:\\\/\\\/tetrasociety.org\\\/frca\\\/#organization\"},\"potentialAction\":[{\"@type\":\"SearchAction\",\"target\":{\"@type\":\"EntryPoint\",\"urlTemplate\":\"https:\\\/\\\/tetrasociety.org\\\/frca\\\/?s={search_term_string}\"},\"query-input\":{\"@type\":\"PropertyValueSpecification\",\"valueRequired\":true,\"valueName\":\"search_term_string\"}}],\"inLanguage\":\"fr-CA\"},{\"@type\":\"Organization\",\"@id\":\"https:\\\/\\\/tetrasociety.org\\\/frca\\\/#organization\",\"name\":\"Tetra Society of North America\",\"url\":\"https:\\\/\\\/tetrasociety.org\\\/frca\\\/\",\"logo\":{\"@type\":\"ImageObject\",\"inLanguage\":\"fr-CA\",\"@id\":\"https:\\\/\\\/tetrasociety.org\\\/frca\\\/#\\\/schema\\\/logo\\\/image\\\/\",\"url\":\"https:\\\/\\\/tetrasociety.org\\\/wp-content\\\/uploads\\\/sites\\\/13\\\/2020\\\/10\\\/Tetra-Circle-transparent-background.png\",\"contentUrl\":\"https:\\\/\\\/tetrasociety.org\\\/wp-content\\\/uploads\\\/sites\\\/13\\\/2020\\\/10\\\/Tetra-Circle-transparent-background.png\",\"width\":364,\"height\":344,\"caption\":\"Tetra Society of North America\"},\"image\":{\"@id\":\"https:\\\/\\\/tetrasociety.org\\\/frca\\\/#\\\/schema\\\/logo\\\/image\\\/\"},\"sameAs\":[\"https:\\\/\\\/www.facebook.com\\\/tetrasociety\\\/\",\"https:\\\/\\\/www.instagram.com\\\/tetrasocietyna\\\/\",\"https:\\\/\\\/www.linkedin.com\\\/company\\\/tetra-society-north-america\\\/\",\"https:\\\/\\\/www.youtube.com\\\/c\\\/DisabilityFoundation\",\"https:\\\/\\\/en.wikipedia.org\\\/wiki\\\/Sam_Sullivan_Disability_Foundation\\\/\"]}]}<\/script>\n<!-- \/ Yoast SEO plugin. -->","yoast_head_json":{"title":"Comm\u00e9moration - Tetra Society of North America","description":"Tetra Society of North America d\u00e9veloppe des solutions innovantes pour aider les personnes en situation de handicap physique \u00e0 surmonter les obstacles environnementaux.","robots":{"index":"index","follow":"follow","max-snippet":"max-snippet:-1","max-image-preview":"max-image-preview:large","max-video-preview":"max-video-preview:-1"},"canonical":"https:\/\/tetrasociety.org\/frca\/commemoration\/","og_locale":"fr_CA","og_type":"article","og_title":"Comm\u00e9moration - Tetra Society of North America","og_description":"Tetra Society of North America d\u00e9veloppe des solutions innovantes pour aider les personnes en situation de handicap physique \u00e0 surmonter les obstacles environnementaux.","og_url":"https:\/\/tetrasociety.org\/frca\/commemoration\/","og_site_name":"Tetra Society of North America","article_publisher":"https:\/\/www.facebook.com\/tetrasociety\/","article_modified_time":"2025-02-12T13:31:08+00:00","og_image":[{"url":"https:\/\/tetrasociety.org\/wp-content\/uploads\/sites\/13\/2020\/11\/HarryHardy_web.jpg","type":"","width":"","height":""}],"twitter_card":"summary_large_image","twitter_misc":{"Estimation du temps de lecture":"4 minutes"},"schema":{"@context":"https:\/\/schema.org","@graph":[{"@type":"WebPage","@id":"https:\/\/tetrasociety.org\/frca\/commemoration\/","url":"https:\/\/tetrasociety.org\/frca\/commemoration\/","name":"Comm\u00e9moration - Tetra Society of North America","isPartOf":{"@id":"https:\/\/tetrasociety.org\/frca\/#website"},"primaryImageOfPage":{"@id":"https:\/\/tetrasociety.org\/frca\/commemoration\/#primaryimage"},"image":{"@id":"https:\/\/tetrasociety.org\/frca\/commemoration\/#primaryimage"},"thumbnailUrl":"https:\/\/tetrasociety.org\/wp-content\/uploads\/sites\/13\/2020\/11\/HarryHardy_web.jpg","datePublished":"2020-11-10T18:52:10+00:00","dateModified":"2025-02-12T13:31:08+00:00","description":"Tetra Society of North America d\u00e9veloppe des solutions innovantes pour aider les personnes en situation de handicap physique \u00e0 surmonter les obstacles environnementaux.","breadcrumb":{"@id":"https:\/\/tetrasociety.org\/frca\/commemoration\/#breadcrumb"},"inLanguage":"fr-CA","potentialAction":[{"@type":"ReadAction","target":["https:\/\/tetrasociety.org\/frca\/commemoration\/"]}]},{"@type":"ImageObject","inLanguage":"fr-CA","@id":"https:\/\/tetrasociety.org\/frca\/commemoration\/#primaryimage","url":"https:\/\/tetrasociety.org\/wp-content\/uploads\/sites\/13\/2020\/11\/HarryHardy_web.jpg","contentUrl":"https:\/\/tetrasociety.org\/wp-content\/uploads\/sites\/13\/2020\/11\/HarryHardy_web.jpg"},{"@type":"BreadcrumbList","@id":"https:\/\/tetrasociety.org\/frca\/commemoration\/#breadcrumb","itemListElement":[{"@type":"ListItem","position":1,"name":"Home","item":"https:\/\/tetrasociety.org\/frca\/"},{"@type":"ListItem","position":2,"name":"Comm\u00e9moration"}]},{"@type":"WebSite","@id":"https:\/\/tetrasociety.org\/frca\/#website","url":"https:\/\/tetrasociety.org\/frca\/","name":"Tetra Society of North America","description":"","publisher":{"@id":"https:\/\/tetrasociety.org\/frca\/#organization"},"potentialAction":[{"@type":"SearchAction","target":{"@type":"EntryPoint","urlTemplate":"https:\/\/tetrasociety.org\/frca\/?s={search_term_string}"},"query-input":{"@type":"PropertyValueSpecification","valueRequired":true,"valueName":"search_term_string"}}],"inLanguage":"fr-CA"},{"@type":"Organization","@id":"https:\/\/tetrasociety.org\/frca\/#organization","name":"Tetra Society of North America","url":"https:\/\/tetrasociety.org\/frca\/","logo":{"@type":"ImageObject","inLanguage":"fr-CA","@id":"https:\/\/tetrasociety.org\/frca\/#\/schema\/logo\/image\/","url":"https:\/\/tetrasociety.org\/wp-content\/uploads\/sites\/13\/2020\/10\/Tetra-Circle-transparent-background.png","contentUrl":"https:\/\/tetrasociety.org\/wp-content\/uploads\/sites\/13\/2020\/10\/Tetra-Circle-transparent-background.png","width":364,"height":344,"caption":"Tetra Society of North America"},"image":{"@id":"https:\/\/tetrasociety.org\/frca\/#\/schema\/logo\/image\/"},"sameAs":["https:\/\/www.facebook.com\/tetrasociety\/","https:\/\/www.instagram.com\/tetrasocietyna\/","https:\/\/www.linkedin.com\/company\/tetra-society-north-america\/","https:\/\/www.youtube.com\/c\/DisabilityFoundation","https:\/\/en.wikipedia.org\/wiki\/Sam_Sullivan_Disability_Foundation\/"]}]}},"_links":{"self":[{"href":"https:\/\/tetrasociety.org\/frca\/wp-json\/wp\/v2\/pages\/3472","targetHints":{"allow":["GET"]}}],"collection":[{"href":"https:\/\/tetrasociety.org\/frca\/wp-json\/wp\/v2\/pages"}],"about":[{"href":"https:\/\/tetrasociety.org\/frca\/wp-json\/wp\/v2\/types\/page"}],"author":[{"embeddable":true,"href":"https:\/\/tetrasociety.org\/frca\/wp-json\/wp\/v2\/users\/1"}],"replies":[{"embeddable":true,"href":"https:\/\/tetrasociety.org\/frca\/wp-json\/wp\/v2\/comments?post=3472"}],"version-history":[{"count":17,"href":"https:\/\/tetrasociety.org\/frca\/wp-json\/wp\/v2\/pages\/3472\/revisions"}],"predecessor-version":[{"id":4016,"href":"https:\/\/tetrasociety.org\/frca\/wp-json\/wp\/v2\/pages\/3472\/revisions\/4016"}],"wp:attachment":[{"href":"https:\/\/tetrasociety.org\/frca\/wp-json\/wp\/v2\/media?parent=3472"}],"curies":[{"name":"wp","href":"https:\/\/api.w.org\/{rel}","templated":true}]}}